{"id":6230,"date":"2015-11-10T07:56:53","date_gmt":"2015-11-10T06:56:53","guid":{"rendered":"http:\/\/www.nlo.at\/stage\/?page_id=6230"},"modified":"2020-08-11T11:15:38","modified_gmt":"2020-08-11T09:15:38","slug":"ueber-sat","status":"publish","type":"page","link":"https:\/\/www.nlo.at\/stage\/ueber-sat\/","title":{"rendered":"\u00dcber SAT"},"content":{"rendered":"<div id=\"pl-6230\"  class=\"panel-layout\" ><div id=\"pg-6230-0\"  class=\"panel-grid panel-no-style\" ><div id=\"pgc-6230-0-0\"  class=\"panel-grid-cell\" ><div id=\"panel-6230-0-0-0\" class=\"so-panel widget widget_black-studio-tinymce widget_black_studio_tinymce panel-first-child panel-last-child\" data-index=\"0\" ><div class=\"textwidget\"><p><span class=\"\" style=\"display:block;clear:both;height: 0px;padding-top: 55px;border-top-width:0px;border-bottom-width:0px;\"><\/span><\/p>\n<\/div><\/div><\/div><\/div><div id=\"pg-6230-1\"  class=\"panel-grid panel-no-style\" ><div id=\"pgc-6230-1-0\"  class=\"panel-grid-cell\" ><div id=\"panel-6230-1-0-0\" class=\"so-panel widget widget_black-studio-tinymce widget_black_studio_tinymce panel-first-child panel-last-child\" data-index=\"1\" ><div class=\"textwidget\"><p><span style=\"font-size: 18pt;\"><strong>Mit biologischer Landwirtschaft zu Ern\u00e4hrungssicherheit und Armutsreduzierung beitragen<\/strong><\/span><\/p>\n<p style=\"text-align: justify;\"><a href=\"https:\/\/kilimo.org\/\">Sustainable Agriculture Tanzania<\/a> (SAT) ist in Morogoro, einer sehr landwirtschaftlich gepr\u00e4gten Region Tansanias angesiedelt. Seit ihrer Gr\u00fcndung 2011 besch\u00e4ftigt sich die tansanianische Organisation mit der F\u00f6rderung biologisch-nachhaltiger Landwirtschaft. Im Mittelpunkt stehen dabei die Herausforderungen und Bed\u00fcrfnisse von Kleinb\u00e4uer*innen. Ziel ist es, mit einfachen Techniken und umweltfreundlichen Anbaumethoden eine Ertragssteigerung f\u00fcr Kleinb\u00e4uer*innen und somit eine wirtschaftliche Stabilit\u00e4t f\u00fcr ihre Familien zu erreichen.<\/p>\n<\/div><\/div><\/div><div id=\"pgc-6230-1-1\"  class=\"panel-grid-cell\" ><div id=\"panel-6230-1-1-0\" class=\"so-panel widget widget_black-studio-tinymce widget_black_studio_tinymce panel-first-child panel-last-child\" data-index=\"2\" ><div class=\"textwidget\"><p><img fetchpriority=\"high\" decoding=\"async\" class=\"aligncenter wp-image-8516 size-medium\" src=\"http:\/\/www.nlo.at\/stage\/wp-content\/uploads\/2020\/08\/Logo_SAT-2020-pantone-300x300.png\" alt=\"\" width=\"300\" height=\"300\" srcset=\"https:\/\/www.nlo.at\/stage\/wp-content\/uploads\/2020\/08\/Logo_SAT-2020-pantone-300x300.png 300w, https:\/\/www.nlo.at\/stage\/wp-content\/uploads\/2020\/08\/Logo_SAT-2020-pantone-1024x1024.png 1024w, https:\/\/www.nlo.at\/stage\/wp-content\/uploads\/2020\/08\/Logo_SAT-2020-pantone-150x150.png 150w, https:\/\/www.nlo.at\/stage\/wp-content\/uploads\/2020\/08\/Logo_SAT-2020-pantone-768x768.png 768w, https:\/\/www.nlo.at\/stage\/wp-content\/uploads\/2020\/08\/Logo_SAT-2020-pantone-400x400.png 400w, https:\/\/www.nlo.at\/stage\/wp-content\/uploads\/2020\/08\/Logo_SAT-2020-pantone.png 1181w\" sizes=\"(max-width: 300px) 100vw, 300px\" \/><\/p>\n<\/div><\/div><\/div><\/div><div id=\"pg-6230-2\"  class=\"panel-grid panel-no-style\" ><div id=\"pgc-6230-2-0\"  class=\"panel-grid-cell\" ><div id=\"panel-6230-2-0-0\" class=\"so-panel widget widget_black-studio-tinymce widget_black_studio_tinymce panel-first-child panel-last-child\" data-index=\"3\" ><div class=\"textwidget\"><p style=\"text-align: center;\"><span style=\"color: #808080;\"><strong>Vision von SAT<\/strong><\/span><\/p>\n<p style=\"text-align: center;\"><span style=\"color: #808080;\">Die Mehrheit der Kleinb\u00e4uer*innen nutzt anerkannte agro\u00f6kologische Anbaumethoden, um ihre Lebensgrundlagen zu verbessern,<\/span><br \/>\n<span style=\"color: #808080;\">die Umwelt zu schonen und den Verwendungsdruck auf nat\u00fcrliche Ressourcen zu reduzieren.<\/span><\/p>\n<\/div><\/div><\/div><\/div><div id=\"pg-6230-3\"  class=\"panel-grid panel-no-style\" ><div id=\"pgc-6230-3-0\"  class=\"panel-grid-cell\" ><div id=\"panel-6230-3-0-0\" class=\"so-panel widget widget_black-studio-tinymce widget_black_studio_tinymce panel-first-child panel-last-child\" data-index=\"4\" ><div class=\"textwidget\"><p style=\"text-align: justify;\">Im Laufe der letzten Jahre ist SAT zu einer anerkannten tansanischen Organisation mit rund 80 engagierten Mitarbeiter*innen herangewachsen, die mit Kleinb\u00e4uer*innen, lokalen sowie internationalen Nichtregierungsorganisationen, Universit\u00e4ten und der tansanischen Regierung zusammenarbeitet und sie in seine Entscheidungsprozesse miteinbezieht. Durch diese Zusammenarbeit ist es gelungen, den Bekanntheitsgrad von biologischer Landwirtschaft zu steigern und f\u00fcr Kleinb\u00e4uer*innen attraktiv zu machen. Der ganzheitliche Ansatz von SAT wird von vier S\u00e4ulen getragen: <strong>Forschung, Wissensverbreitung, Anwendung und Vernetzung<\/strong><\/p>\n<\/div><\/div><\/div><\/div><div id=\"pg-6230-4\"  class=\"panel-grid panel-no-style\" ><div id=\"pgc-6230-4-0\"  class=\"panel-grid-cell\" ><div id=\"panel-6230-4-0-0\" class=\"so-panel widget widget_black-studio-tinymce widget_black_studio_tinymce panel-first-child panel-last-child\" data-index=\"5\" ><div class=\"textwidget\"><p id=\"\u201dForschung&quot;\" style=\"text-align: justify;\"><strong><span style=\"font-size: 14pt;\">Forschung<\/span><\/strong><br \/>\nSAT legt gro\u00dfen Wert auf praxisnahe Forschung, d.h. Wissenschaftler*innen und Kleinb\u00e4uer*innen arbeiten zusammen, um gemeinsam innovative L\u00f6sungen f\u00fcr landwirtschaftliche Herausforderungen zu finden. Dabei wird ein facher\u00fcbergreifender Ansatz verfolgt, welcher sozial-\u00f6konomische, \u00f6kologische sowie technische Faktoren in die landwirtschaftlichen Fragestellungen miteinbezieht. Dar\u00fcber hinaus werden Fragen der Weiterverarbeitung von landwirtschaftlichen Produkten behandelt.<\/p>\n<\/div><\/div><\/div><div id=\"pgc-6230-4-1\"  class=\"panel-grid-cell\" ><div id=\"panel-6230-4-1-0\" class=\"so-panel widget widget_black-studio-tinymce widget_black_studio_tinymce panel-first-child panel-last-child\" data-index=\"6\" ><div class=\"textwidget\"><p style=\"text-align: right;\"><img decoding=\"async\" class=\"aligncenter size-full wp-image-9186\" src=\"https:\/\/www.nlo.at\/stage\/wp-content\/uploads\/2020\/08\/20200608_PhD_Constantine_picture-3.jpg\" alt=\"PhD Student misst Cassava\" width=\"1500\" height=\"1000\" srcset=\"https:\/\/www.nlo.at\/stage\/wp-content\/uploads\/2020\/08\/20200608_PhD_Constantine_picture-3.jpg 1500w, https:\/\/www.nlo.at\/stage\/wp-content\/uploads\/2020\/08\/20200608_PhD_Constantine_picture-3-300x200.jpg 300w, https:\/\/www.nlo.at\/stage\/wp-content\/uploads\/2020\/08\/20200608_PhD_Constantine_picture-3-1024x683.jpg 1024w, https:\/\/www.nlo.at\/stage\/wp-content\/uploads\/2020\/08\/20200608_PhD_Constantine_picture-3-768x512.jpg 768w, https:\/\/www.nlo.at\/stage\/wp-content\/uploads\/2020\/08\/20200608_PhD_Constantine_picture-3-272x182.jpg 272w\" sizes=\"(max-width: 1500px) 100vw, 1500px\" \/><\/p>\n<\/div><\/div><\/div><\/div><div id=\"pg-6230-5\"  class=\"panel-grid panel-no-style\" ><div id=\"pgc-6230-5-0\"  class=\"panel-grid-cell\" ><div id=\"panel-6230-5-0-0\" class=\"so-panel widget widget_black-studio-tinymce widget_black_studio_tinymce panel-first-child panel-last-child\" data-index=\"7\" ><div class=\"textwidget\"><p><img decoding=\"async\" class=\"aligncenter size-full wp-image-9191\" src=\"https:\/\/www.nlo.at\/stage\/wp-content\/uploads\/2020\/08\/20190925_FTC_DWABI_14_HM.jpg\" alt=\"Kursteilnehmerinnen h\u00f6ren Vortragenden zu\" width=\"1200\" height=\"800\" srcset=\"https:\/\/www.nlo.at\/stage\/wp-content\/uploads\/2020\/08\/20190925_FTC_DWABI_14_HM.jpg 1200w, https:\/\/www.nlo.at\/stage\/wp-content\/uploads\/2020\/08\/20190925_FTC_DWABI_14_HM-300x200.jpg 300w, https:\/\/www.nlo.at\/stage\/wp-content\/uploads\/2020\/08\/20190925_FTC_DWABI_14_HM-1024x683.jpg 1024w, https:\/\/www.nlo.at\/stage\/wp-content\/uploads\/2020\/08\/20190925_FTC_DWABI_14_HM-768x512.jpg 768w, https:\/\/www.nlo.at\/stage\/wp-content\/uploads\/2020\/08\/20190925_FTC_DWABI_14_HM-272x182.jpg 272w\" sizes=\"(max-width: 1200px) 100vw, 1200px\" \/><\/p>\n<\/div><\/div><\/div><div id=\"pgc-6230-5-1\"  class=\"panel-grid-cell\" ><div id=\"panel-6230-5-1-0\" class=\"so-panel widget widget_black-studio-tinymce widget_black_studio_tinymce panel-first-child panel-last-child\" data-index=\"8\" ><div class=\"textwidget\"><p style=\"text-align: justify;\"><span style=\"font-size: 14pt;\"><strong>Wissensverbreitung<\/strong><\/span><br \/>\nFortlaufender Austausch mit Kleinb\u00e4uer*innen und anderen Partner*innen unter Einbeziehung aktueller Forschungsergebnisse halten das generierte Wissen auf dem neuesten Stand. Die Wissensverbreitung findet in vielen unterschiedlichen Bereichen statt, z.B.:<\/p>\n<ul>\n<li>Landwirtschaftliche Kurse im Ausbildungszentrum von SAT<\/li>\n<li>Direkte Zusammenarbeit mit B\u00e4uer*innen in den D\u00f6rfern<\/li>\n<li><em>Mkulima Mbunifu<\/em> Magazin, welches Themen rund um nachhaltige Landwirtschaft behandelt<\/li>\n<\/ul>\n<p style=\"text-align: justify;\">\n<\/div><\/div><\/div><\/div><div id=\"pg-6230-6\"  class=\"panel-grid panel-no-style\" ><div id=\"pgc-6230-6-0\"  class=\"panel-grid-cell\" ><div id=\"panel-6230-6-0-0\" class=\"so-panel widget widget_black-studio-tinymce widget_black_studio_tinymce panel-first-child panel-last-child\" data-index=\"9\" ><div class=\"textwidget\"><p style=\"text-align: justify;\"><span style=\"font-size: 14pt;\"><strong>Anwendung<\/strong><\/span><br \/>\nNach dem Motto \"Lehre nichts, was du nicht selbst angewendet hast\" spielt die praktische Anwendung von neu generiertem Wissen eine wichtige Rolle f\u00fcr SAT. Auf dem Farmgel\u00e4nde des Ausbildungszentrums werden neue (Anbau-) Methoden ausprobiert bzw. verfeinert und k\u00f6nnen so den Kursteilnehmer*innen praxisnah vermittelt werden. Davon abgesehen wird das generierte Wissen in den Demonstrationsg\u00e4rten der einzelnen B\u00e4uer*innengruppen angewendet und so f\u00fcr die Kleinb\u00e4uer*innen zug\u00e4nglich gemacht.<\/p>\n<\/div><\/div><\/div><div id=\"pgc-6230-6-1\"  class=\"panel-grid-cell\" ><div id=\"panel-6230-6-1-0\" class=\"so-panel widget widget_black-studio-tinymce widget_black_studio_tinymce panel-first-child panel-last-child\" data-index=\"10\" ><div class=\"textwidget\"><p><img loading=\"lazy\" decoding=\"async\" class=\"aligncenter size-full wp-image-9195\" src=\"https:\/\/www.nlo.at\/stage\/wp-content\/uploads\/2020\/08\/jose_Tushikamane-Centre.jpg\" alt=\"SAT-Mitarbeiterin steht im Gem\u00fcsefeld\" width=\"1200\" height=\"800\" srcset=\"https:\/\/www.nlo.at\/stage\/wp-content\/uploads\/2020\/08\/jose_Tushikamane-Centre.jpg 1200w, https:\/\/www.nlo.at\/stage\/wp-content\/uploads\/2020\/08\/jose_Tushikamane-Centre-300x200.jpg 300w, https:\/\/www.nlo.at\/stage\/wp-content\/uploads\/2020\/08\/jose_Tushikamane-Centre-1024x683.jpg 1024w, https:\/\/www.nlo.at\/stage\/wp-content\/uploads\/2020\/08\/jose_Tushikamane-Centre-768x512.jpg 768w, https:\/\/www.nlo.at\/stage\/wp-content\/uploads\/2020\/08\/jose_Tushikamane-Centre-272x182.jpg 272w\" sizes=\"(max-width: 1200px) 100vw, 1200px\" \/><\/p>\n<\/div><\/div><\/div><\/div><div id=\"pg-6230-7\"  class=\"panel-grid panel-no-style\" ><div id=\"pgc-6230-7-0\"  class=\"panel-grid-cell\" ><div id=\"panel-6230-7-0-0\" class=\"so-panel widget widget_black-studio-tinymce widget_black_studio_tinymce panel-first-child panel-last-child\" data-index=\"11\" ><div class=\"textwidget\"><p><img loading=\"lazy\" decoding=\"async\" class=\"aligncenter size-full wp-image-9192\" src=\"https:\/\/www.nlo.at\/stage\/wp-content\/uploads\/2020\/08\/20200228_Workshop-Agroforestry_32_HM.jpg\" alt=\"Workshop-Teilnehmer bereiten Plakat vor\" width=\"1200\" height=\"800\" srcset=\"https:\/\/www.nlo.at\/stage\/wp-content\/uploads\/2020\/08\/20200228_Workshop-Agroforestry_32_HM.jpg 1200w, https:\/\/www.nlo.at\/stage\/wp-content\/uploads\/2020\/08\/20200228_Workshop-Agroforestry_32_HM-300x200.jpg 300w, https:\/\/www.nlo.at\/stage\/wp-content\/uploads\/2020\/08\/20200228_Workshop-Agroforestry_32_HM-1024x683.jpg 1024w, https:\/\/www.nlo.at\/stage\/wp-content\/uploads\/2020\/08\/20200228_Workshop-Agroforestry_32_HM-768x512.jpg 768w, https:\/\/www.nlo.at\/stage\/wp-content\/uploads\/2020\/08\/20200228_Workshop-Agroforestry_32_HM-272x182.jpg 272w\" sizes=\"(max-width: 1200px) 100vw, 1200px\" \/><\/p>\n<\/div><\/div><\/div><div id=\"pgc-6230-7-1\"  class=\"panel-grid-cell\" ><div id=\"panel-6230-7-1-0\" class=\"so-panel widget widget_black-studio-tinymce widget_black_studio_tinymce panel-first-child panel-last-child\" data-index=\"12\" ><div class=\"textwidget\"><p style=\"text-align: justify;\"><span style=\"font-size: 14pt;\"><strong>Vernetzung<\/strong><\/span><br \/>\nSAT arbeitet mit verschiedenen Interessensgruppen (Nichtregierungsorganisationen, staatliche Institutionen, Universit\u00e4ten und andere Bildungseinrichtungen, Privatunternehmen...) des Agrarsektors zusammen und legt gro\u00dfen Wert auf die Vernetzung der am Wertsch\u00f6pfungsprozess landwirtschaftlicher Produkte Beteiligten.<\/p>\n<\/div><\/div><\/div><\/div><\/div>","protected":false},"excerpt":{"rendered":"<p>Sustainable Agriculture Tanzania (SAT) ist in Morogoro, einer sehr landwirtschaftlich gepr\u00e4gten Region Tansanias angesiedelt. Seit ihrer Gr\u00fcndung 2011 besch\u00e4ftigt sich die tansanianische Organisation mit der F\u00f6rderung biologisch-nachhaltiger Landwirtschaft. Im Mittelpunkt stehen dabei die Herausforderungen und Bed\u00fcrfnisse von Kleinb\u00e4uer*innen.<\/p>\n","protected":false},"author":1,"featured_media":0,"parent":0,"menu_order":0,"comment_status":"closed","ping_status":"closed","template":"","meta":{"_monsterinsights_skip_tracking":false,"_monsterinsights_sitenote_active":false,"_monsterinsights_sitenote_note":"","_monsterinsights_sitenote_category":0,"footnotes":""},"class_list":["post-6230","page","type-page","status-publish","hentry"],"_links":{"self":[{"href":"https:\/\/www.nlo.at\/stage\/wp-json\/wp\/v2\/pages\/6230"}],"collection":[{"href":"https:\/\/www.nlo.at\/stage\/wp-json\/wp\/v2\/pages"}],"about":[{"href":"https:\/\/www.nlo.at\/stage\/wp-json\/wp\/v2\/types\/page"}],"author":[{"embeddable":true,"href":"https:\/\/www.nlo.at\/stage\/wp-json\/wp\/v2\/users\/1"}],"replies":[{"embeddable":true,"href":"https:\/\/www.nlo.at\/stage\/wp-json\/wp\/v2\/comments?post=6230"}],"version-history":[{"count":58,"href":"https:\/\/www.nlo.at\/stage\/wp-json\/wp\/v2\/pages\/6230\/revisions"}],"predecessor-version":[{"id":9215,"href":"https:\/\/www.nlo.at\/stage\/wp-json\/wp\/v2\/pages\/6230\/revisions\/9215"}],"wp:attachment":[{"href":"https:\/\/www.nlo.at\/stage\/wp-json\/wp\/v2\/media?parent=6230"}],"curies":[{"name":"wp","href":"https:\/\/api.w.org\/{rel}","templated":true}]}}