{"id":6243,"date":"2015-11-10T10:08:31","date_gmt":"2015-11-10T09:08:31","guid":{"rendered":"http:\/\/www.nlo.at\/stage\/?page_id=6243"},"modified":"2022-07-19T14:18:45","modified_gmt":"2022-07-19T12:18:45","slug":"unsere-projekte","status":"publish","type":"page","link":"https:\/\/www.nlo.at\/stage\/unsere-projekte\/","title":{"rendered":"Unsere Projekte"},"content":{"rendered":"<div id=\"pl-6243\"  class=\"panel-layout\" ><div id=\"pg-6243-0\"  class=\"panel-grid panel-no-style\" ><div id=\"pgc-6243-0-0\"  class=\"panel-grid-cell\" ><div id=\"panel-6243-0-0-0\" class=\"so-panel widget widget_black-studio-tinymce widget_black_studio_tinymce panel-first-child panel-last-child\" data-index=\"0\" ><div class=\"textwidget\"><p><span class=\"\" style=\"display:block;clear:both;height: 0px;padding-top: 30px;border-top-width:0px;border-bottom-width:0px;\"><\/span><\/p>\n<\/div><\/div><\/div><\/div><div id=\"pg-6243-1\"  class=\"panel-grid panel-no-style\" ><div id=\"pgc-6243-1-0\"  class=\"panel-grid-cell\" ><div id=\"panel-6243-1-0-0\" class=\"so-panel widget widget_black-studio-tinymce widget_black_studio_tinymce panel-first-child panel-last-child\" data-index=\"1\" ><div class=\"textwidget\"><h2 style=\"text-align: center;\"><span style=\"color: #808080;\"><strong><span style=\"font-size: 24pt;\">Projekte und Arbeitsbereiche von Sustainable Agriculture Tanzania<\/span><\/strong><\/span><\/h2>\n<p>Unser Projektpartner <a href=\"http:\/\/www.kilimo.org\">Sustainable Agriculture Tanzania (SAT)<\/a> initiert und betreut unterschiedlichste Projekte - immer mit der Vision vor den Augen, dass die Mehrheit der Kleinb\u00e4uer*innen anerkannte agro\u00f6kologische Anbaumethoden nutzt, um ihre Lebensgrundlagen zu verbessern, die Umwelt zu schonen und den Verwendungsdruck auf nat\u00fcrliche Ressourcen zu reduzieren.<\/p>\n<\/div><\/div><\/div><\/div><div id=\"pg-6243-2\"  class=\"panel-grid panel-no-style\" ><div id=\"pgc-6243-2-0\"  class=\"panel-grid-cell\" ><div id=\"panel-6243-2-0-0\" class=\"so-panel widget widget_black-studio-tinymce widget_black_studio_tinymce panel-first-child panel-last-child\" data-index=\"2\" ><div class=\"textwidget\"><blockquote>\n<p style=\"text-align: justify;\">Wir wollen erreichen, dass famili\u00e4re Kleinbauernbetriebe bef\u00e4higt werden, ihren Ertrag mit umweltfreundlichen Methoden zu erh\u00f6hen und damit auch ihr Einkommen zu steigern. Da wir auf bereits vorhandenem Wissen der B\u00e4uer*innen aufbauen, ist es sehr wichtig, eng mit ihnen zusammenzuarbeiten. Wir vermitteln einfache Techniken, die f\u00fcr eine gesunde Produktion von Feldfr\u00fcchten und eine nachhaltige Tierhaltung erschwinglich und leicht verf\u00fcgbar sind. Biologisch-nachhaltige Landwirtschaft ist f\u00fcr mich der einzige Weg, um auf unserer Erde neun Milliarden Menschen das \u00dcberleben zu sichern. (Janet Maro)<\/p>\n<\/blockquote>\n<\/div><\/div><\/div><\/div><div id=\"pg-6243-3\"  class=\"panel-grid panel-no-style\" ><div id=\"pgc-6243-3-0\"  class=\"panel-grid-cell\" ><div id=\"panel-6243-3-0-0\" class=\"so-panel widget widget_black-studio-tinymce widget_black_studio_tinymce panel-first-child panel-last-child\" data-index=\"3\" ><div class=\"textwidget\"><h2 style=\"text-align: center;\"><span style=\"color: #808080;\"><strong><span style=\"font-size: 18pt;\">Laufende Aktivit\u00e4ten von Sustainable Agriculture Tanzania<\/span><\/strong><\/span><\/h2>\n<\/div><\/div><\/div><\/div><div id=\"pg-6243-4\"  class=\"panel-grid panel-no-style\" ><div id=\"pgc-6243-4-0\"  class=\"panel-grid-cell\" ><div id=\"panel-6243-4-0-0\" class=\"so-panel widget widget_black-studio-tinymce widget_black_studio_tinymce panel-first-child panel-last-child\" data-index=\"4\" ><div class=\"textwidget\"><p><img fetchpriority=\"high\" decoding=\"async\" class=\"aligncenter size-full wp-image-8095\" src=\"https:\/\/www.nlo.at\/stage\/wp-content\/uploads\/2020\/05\/20200229_Workshop-Agroforestry_57_HM.jpg\" alt=\"Die Teilnehmerinnen in einem Feld\" width=\"1200\" height=\"800\" srcset=\"https:\/\/www.nlo.at\/stage\/wp-content\/uploads\/2020\/05\/20200229_Workshop-Agroforestry_57_HM.jpg 1200w, https:\/\/www.nlo.at\/stage\/wp-content\/uploads\/2020\/05\/20200229_Workshop-Agroforestry_57_HM-300x200.jpg 300w, https:\/\/www.nlo.at\/stage\/wp-content\/uploads\/2020\/05\/20200229_Workshop-Agroforestry_57_HM-1024x683.jpg 1024w, https:\/\/www.nlo.at\/stage\/wp-content\/uploads\/2020\/05\/20200229_Workshop-Agroforestry_57_HM-768x512.jpg 768w, https:\/\/www.nlo.at\/stage\/wp-content\/uploads\/2020\/05\/20200229_Workshop-Agroforestry_57_HM-272x182.jpg 272w\" sizes=\"(max-width: 1200px) 100vw, 1200px\" \/><\/p>\n<\/div><\/div><\/div><div id=\"pgc-6243-4-1\"  class=\"panel-grid-cell\" ><div id=\"panel-6243-4-1-0\" class=\"so-panel widget widget_black-studio-tinymce widget_black_studio_tinymce panel-first-child panel-last-child\" data-index=\"5\" ><div class=\"textwidget\"><h3><span style=\"color: #808080;\"><strong><span style=\"font-size: 18pt;\">SAT Ausbildungszentrum<\/span><\/strong><\/span><\/h3>\n<p>Das Ausbildungszentrum, Farmer Training Centre (FTC), von SAT befindet sich auf einer Biolandschaft in Vianzi, einem Dorf 20 km von der Stadt Morogoro entfernt. Es dient zur Verbreitung biologisch-nachhaltiger Landwirtschaft. Hier werden unterschiedliche, ma\u00dfgeschneiderte Kurse f\u00fcr Landwirt:innen, NGO und CBO-Mitarbeitende, und dem \u00f6ffentlichen Sektor praxisnah angeboten. Der Schwerpunkt liegt auf der F\u00f6rderung nachhaltiger und \u00f6kologischer L\u00f6sungen f\u00fcr die Landwirtschaft in den Bereichen Gartenbau, Regenfeldbau, Viehzucht und mehr. Zudem finden auf dem Gel\u00e4nde agrar\u00f6kologische Forschungen statt.<\/p>\n<p><a href=\"https:\/\/kilimo.org\/farmer-training-centre\/\">Zum Weiterlesen (in englischer Sprache) ...<\/a> \u00a0 \u00a0 \u00a0 \u00a0 \u00a0 \u00a0 \u00a0 \u00a0 \u00a0 \u00a0 \u00a0 \u00a0 \u00a0 \u00a0 \u00a0 \u00a0\u00a0 \u00a0\u00a0 <a href=\"https:\/\/www.nlo.at\/stage\/ausbildungskurse-in-biologisch-nachhaltiger-landwirtschaft\/\">... zum Unterst\u00fctzen<\/a><\/p>\n<p>&nbsp;<\/p>\n<\/div><\/div><\/div><\/div><div id=\"pg-6243-5\"  class=\"panel-grid panel-no-style\" ><div id=\"pgc-6243-5-0\"  class=\"panel-grid-cell\" ><div id=\"panel-6243-5-0-0\" class=\"so-panel widget widget_black-studio-tinymce widget_black_studio_tinymce panel-first-child panel-last-child\" data-index=\"6\" ><div class=\"textwidget\"><p><img decoding=\"async\" class=\"aligncenter size-full wp-image-8984\" src=\"https:\/\/www.nlo.at\/stage\/wp-content\/uploads\/2020\/08\/chagua-kibuana-hands-profile-3301-1-scaled.jpg\" alt=\"H\u00e4nde mit einem Baumsetzling\" width=\"2560\" height=\"1700\" srcset=\"https:\/\/www.nlo.at\/stage\/wp-content\/uploads\/2020\/08\/chagua-kibuana-hands-profile-3301-1-scaled.jpg 2560w, https:\/\/www.nlo.at\/stage\/wp-content\/uploads\/2020\/08\/chagua-kibuana-hands-profile-3301-1-300x199.jpg 300w, https:\/\/www.nlo.at\/stage\/wp-content\/uploads\/2020\/08\/chagua-kibuana-hands-profile-3301-1-1024x680.jpg 1024w, https:\/\/www.nlo.at\/stage\/wp-content\/uploads\/2020\/08\/chagua-kibuana-hands-profile-3301-1-768x510.jpg 768w, https:\/\/www.nlo.at\/stage\/wp-content\/uploads\/2020\/08\/chagua-kibuana-hands-profile-3301-1-1536x1020.jpg 1536w, https:\/\/www.nlo.at\/stage\/wp-content\/uploads\/2020\/08\/chagua-kibuana-hands-profile-3301-1-2048x1360.jpg 2048w, https:\/\/www.nlo.at\/stage\/wp-content\/uploads\/2020\/08\/chagua-kibuana-hands-profile-3301-1-272x182.jpg 272w\" sizes=\"(max-width: 2560px) 100vw, 2560px\" \/><\/p>\n<\/div><\/div><\/div><div id=\"pgc-6243-5-1\"  class=\"panel-grid-cell\" ><div id=\"panel-6243-5-1-0\" class=\"so-panel widget widget_black-studio-tinymce widget_black_studio_tinymce panel-first-child panel-last-child\" data-index=\"7\" ><div class=\"textwidget\"><h3><span style=\"color: #808080; font-size: 18pt;\"><strong>FairCarbon4Us<\/strong><\/span><\/h3>\n<p>Durch das Projekt k\u00f6nnen Einzelpersonen oder Organisationen ihre CO<sub>2<\/sub> Emissionen ausgleichen. Indem sie B\u00e4ume kaufen, werden sowohl Lebensbedingungen von Kleinb\u00e4uer*innen verbessert als auch die Regenerierung von Biodiversit\u00e4t und die Abschw\u00e4chung des Klimawandels gef\u00f6rdert. Die Kleinb\u00e4uer*innen erhalten Schulungen und werden f\u00fcr das Anpflanzen und Aufziehen der B\u00e4ume bezahlt. Die B\u00e4ume haben wiederum eine positive Auswirkung auf ihre Umwelt.<\/p>\n<p><a href=\"https:\/\/kilimo.org\/faircarbon4us\/\">Zum Weiterlesen (in englischer Sprache) ...<\/a> \u00a0 \u00a0 \u00a0 \u00a0 \u00a0 \u00a0 \u00a0 \u00a0 \u00a0 \u00a0 \u00a0 \u00a0 \u00a0 \u00a0 \u00a0 \u00a0 \u00a0 \u00a0<a href=\"https:\/\/www.nlo.at\/stage\/baeume-kaufen-und-klima-schuetzen\/\">... zum Unterst\u00fctzen<\/a><\/p>\n<\/div><\/div><\/div><\/div><div id=\"pg-6243-6\"  class=\"panel-grid panel-no-style\" ><div id=\"pgc-6243-6-0\"  class=\"panel-grid-cell\" ><div id=\"panel-6243-6-0-0\" class=\"so-panel widget widget_black-studio-tinymce widget_black_studio_tinymce panel-first-child panel-last-child\" data-index=\"8\" ><div class=\"textwidget\"><p><img decoding=\"async\" class=\"aligncenter size-full wp-image-8990\" src=\"https:\/\/www.nlo.at\/stage\/wp-content\/uploads\/2020\/08\/Workshop-an-der-lokalen-Universit\u00e4t.jpg\" alt=\"Masai erz\u00e4hlt in einem H\u00f6rsaal \u00fcber aktuelle Herausforderungen\" width=\"1200\" height=\"800\" srcset=\"https:\/\/www.nlo.at\/stage\/wp-content\/uploads\/2020\/08\/Workshop-an-der-lokalen-Universit\u00e4t.jpg 1200w, https:\/\/www.nlo.at\/stage\/wp-content\/uploads\/2020\/08\/Workshop-an-der-lokalen-Universit\u00e4t-300x200.jpg 300w, https:\/\/www.nlo.at\/stage\/wp-content\/uploads\/2020\/08\/Workshop-an-der-lokalen-Universit\u00e4t-1024x683.jpg 1024w, https:\/\/www.nlo.at\/stage\/wp-content\/uploads\/2020\/08\/Workshop-an-der-lokalen-Universit\u00e4t-768x512.jpg 768w, https:\/\/www.nlo.at\/stage\/wp-content\/uploads\/2020\/08\/Workshop-an-der-lokalen-Universit\u00e4t-272x182.jpg 272w\" sizes=\"(max-width: 1200px) 100vw, 1200px\" \/><\/p>\n<\/div><\/div><\/div><div id=\"pgc-6243-6-1\"  class=\"panel-grid-cell\" ><div id=\"panel-6243-6-1-0\" class=\"so-panel widget widget_black-studio-tinymce widget_black_studio_tinymce panel-first-child panel-last-child\" data-index=\"9\" ><div class=\"textwidget\"><h3><span style=\"color: #808080;\"><strong><span style=\"font-size: 18pt;\">Forschungsaktivit\u00e4ten<\/span><\/strong><\/span><\/h3>\n<p>Von Beginn an spielte Forschung eine wichtige Rolle in der Arbeit von SAT. Gemeinsam mit der <a href=\"https:\/\/www.sua.ac.tz\/\">Sokoine Universit\u00e4t f\u00fcr Landwirtschaft<\/a> leitet SAT ein b\u00e4uer*innenzentriertes Forschungsprogramm, im Zuge dessen Student*innen gemeinsam mit Kleinb\u00e4uer*innen aktuelle Herausforderungen bearbeiten. Zudem n\u00fctzen immer wieder Student*innen (von Bachelor bis PhD) das Farmgel\u00e4nde sowie das B\u00e4uer*innennetzwerk und die Expertise von SAT f\u00fcr ihre Forschungsarbeiten.<\/p>\n<p><a href=\"https:\/\/kilimo.org\/sustainable-agriculture-tanzania-sat\/training\/research\/wprd\/\">Zum Weiterlesen (in englischer Sprache) ...<\/a><\/p>\n<\/div><\/div><\/div><\/div><div id=\"pg-6243-7\"  class=\"panel-grid panel-no-style\" ><div id=\"pgc-6243-7-0\"  class=\"panel-grid-cell\" ><div id=\"panel-6243-7-0-0\" class=\"so-panel widget widget_black-studio-tinymce widget_black_studio_tinymce panel-first-child panel-last-child\" data-index=\"10\" ><div class=\"textwidget\"><p><img loading=\"lazy\" decoding=\"async\" class=\"aligncenter size-full wp-image-8986\" src=\"https:\/\/www.nlo.at\/stage\/wp-content\/uploads\/2020\/08\/20191007_SAT-Organic-Shop_02_MR-scaled.jpg\" alt=\"Kleinbauer und K\u00e4uferin vorm Bioladen von SAT\" width=\"2560\" height=\"1707\" srcset=\"https:\/\/www.nlo.at\/stage\/wp-content\/uploads\/2020\/08\/20191007_SAT-Organic-Shop_02_MR-scaled.jpg 2560w, https:\/\/www.nlo.at\/stage\/wp-content\/uploads\/2020\/08\/20191007_SAT-Organic-Shop_02_MR-300x200.jpg 300w, https:\/\/www.nlo.at\/stage\/wp-content\/uploads\/2020\/08\/20191007_SAT-Organic-Shop_02_MR-1024x683.jpg 1024w, https:\/\/www.nlo.at\/stage\/wp-content\/uploads\/2020\/08\/20191007_SAT-Organic-Shop_02_MR-768x512.jpg 768w, https:\/\/www.nlo.at\/stage\/wp-content\/uploads\/2020\/08\/20191007_SAT-Organic-Shop_02_MR-1536x1024.jpg 1536w, https:\/\/www.nlo.at\/stage\/wp-content\/uploads\/2020\/08\/20191007_SAT-Organic-Shop_02_MR-2048x1365.jpg 2048w, https:\/\/www.nlo.at\/stage\/wp-content\/uploads\/2020\/08\/20191007_SAT-Organic-Shop_02_MR-272x182.jpg 272w\" sizes=\"(max-width: 2560px) 100vw, 2560px\" \/><\/p>\n<\/div><\/div><\/div><div id=\"pgc-6243-7-1\"  class=\"panel-grid-cell\" ><div id=\"panel-6243-7-1-0\" class=\"so-panel widget widget_black-studio-tinymce widget_black_studio_tinymce panel-first-child panel-last-child\" data-index=\"11\" ><div class=\"textwidget\"><h3><span style=\"color: #808080; font-size: 18pt;\"><strong>Bioladen<\/strong><\/span><\/h3>\n<p>Neben der Verbreitung von agrar\u00f6kologischen Wissen ist die Anbindung von Kleinb\u00e4uer*innen an Absatzm\u00e4rkte ebenso zentral. Aus diesem Grund betreibt SAT einen eigenen Bioladen in Morogoro, in dem Kleinb\u00e4uer*innen ihre Produkte verkaufen, und beliefert weitere Superm\u00e4rkte, Hotels etc. Das ist Pionierarbeit, denn zuvor wurde nur f\u00fcr den Export biologisch produziert. Die Nachfrage nach gesunden, biologischen Lebensmitteln steigt auch in Tansania langsam an.<\/p>\n<p><a href=\"https:\/\/kilimo.org\/sustainable-agriculture-tanzania-sat\/shop\/\">Zum Weiterlesen (in englischer Sprache) ...<\/a><\/p>\n<\/div><\/div><\/div><\/div><div id=\"pg-6243-8\"  class=\"panel-grid panel-no-style\" ><div id=\"pgc-6243-8-0\"  class=\"panel-grid-cell\" ><div id=\"panel-6243-8-0-0\" class=\"so-panel widget widget_black-studio-tinymce widget_black_studio_tinymce panel-first-child panel-last-child\" data-index=\"12\" ><div class=\"textwidget\"><p><img loading=\"lazy\" decoding=\"async\" class=\"aligncenter size-full wp-image-8991\" src=\"https:\/\/www.nlo.at\/stage\/wp-content\/uploads\/2020\/08\/IMG_0047-2.jpg\" alt=\"Sch\u00fclerinnen lesen das Magazin &quot;Die innovative B\u00e4uerin&quot;\" width=\"1200\" height=\"800\" srcset=\"https:\/\/www.nlo.at\/stage\/wp-content\/uploads\/2020\/08\/IMG_0047-2.jpg 1200w, https:\/\/www.nlo.at\/stage\/wp-content\/uploads\/2020\/08\/IMG_0047-2-300x200.jpg 300w, https:\/\/www.nlo.at\/stage\/wp-content\/uploads\/2020\/08\/IMG_0047-2-1024x683.jpg 1024w, https:\/\/www.nlo.at\/stage\/wp-content\/uploads\/2020\/08\/IMG_0047-2-768x512.jpg 768w, https:\/\/www.nlo.at\/stage\/wp-content\/uploads\/2020\/08\/IMG_0047-2-272x182.jpg 272w\" sizes=\"(max-width: 1200px) 100vw, 1200px\" \/><\/p>\n<\/div><\/div><\/div><div id=\"pgc-6243-8-1\"  class=\"panel-grid-cell\" ><div id=\"panel-6243-8-1-0\" class=\"so-panel widget widget_black-studio-tinymce widget_black_studio_tinymce panel-first-child panel-last-child\" data-index=\"13\" ><div class=\"textwidget\"><h3><span style=\"color: #808080;\"><strong><span style=\"font-size: 18pt;\">Magazin \"Die innovative B\u00e4uerin\"<\/span><\/strong><\/span><\/h3>\n<p>\"Die innovative B\u00e4uerin\" (auf Kiswahili Mkulima Mbunifu) erscheint monatlich auf Kiswahili und dient zur Verbreitung von biologisch-nachhaltiger Landwirtschaft. Der Wissens- bzw. Erfahrungsaustausch sowie die Vernetzung zwischen agrar\u00f6kologischen Organisationen und Kleinb\u00e4uer*innen steht dabei im Mittelpunkt.<\/p>\n<p><a href=\"https:\/\/kilimo.org\/magazine-mkm\/\">Zum Weiterlesen (in englischer Sprache) ...<\/a><\/p>\n<\/div><\/div><\/div><\/div><div id=\"pg-6243-9\"  class=\"panel-grid panel-no-style\" ><div id=\"pgc-6243-9-0\"  class=\"panel-grid-cell\" ><div id=\"panel-6243-9-0-0\" class=\"so-panel widget widget_black-studio-tinymce widget_black_studio_tinymce panel-first-child panel-last-child\" data-index=\"14\" ><div class=\"textwidget\"><h2 style=\"text-align: center;\"><span style=\"color: #808080;\"><strong><span style=\"font-size: 18pt;\">Aktuelle Projekte von Sustainable Agriculture Tanzania<\/span><\/strong><\/span><\/h2>\n<\/div><\/div><\/div><\/div><div id=\"pg-6243-10\"  class=\"panel-grid panel-no-style\" ><div id=\"pgc-6243-10-0\"  class=\"panel-grid-cell\" ><div id=\"panel-6243-10-0-0\" class=\"so-panel widget widget_black-studio-tinymce widget_black_studio_tinymce panel-first-child panel-last-child\" data-index=\"15\" ><div class=\"textwidget\"><p><img loading=\"lazy\" decoding=\"async\" class=\"aligncenter size-full wp-image-9163\" src=\"https:\/\/www.nlo.at\/stage\/wp-content\/uploads\/2020\/08\/20171108_USP_02_web.jpg\" alt=\"Bauer h\u00e4lt Pfeffer in der Hand\" width=\"1000\" height=\"667\" srcset=\"https:\/\/www.nlo.at\/stage\/wp-content\/uploads\/2020\/08\/20171108_USP_02_web.jpg 1000w, https:\/\/www.nlo.at\/stage\/wp-content\/uploads\/2020\/08\/20171108_USP_02_web-300x200.jpg 300w, https:\/\/www.nlo.at\/stage\/wp-content\/uploads\/2020\/08\/20171108_USP_02_web-768x512.jpg 768w, https:\/\/www.nlo.at\/stage\/wp-content\/uploads\/2020\/08\/20171108_USP_02_web-272x182.jpg 272w\" sizes=\"(max-width: 1000px) 100vw, 1000px\" \/><\/p>\n<\/div><\/div><\/div><div id=\"pgc-6243-10-1\"  class=\"panel-grid-cell\" ><div id=\"panel-6243-10-1-0\" class=\"so-panel widget widget_black-studio-tinymce widget_black_studio_tinymce panel-first-child panel-last-child\" data-index=\"16\" ><div class=\"textwidget\"><h3><span style=\"color: #808080; font-size: 18pt;\"><strong>Uluguru Spice Project (Beginn: 2017)<br \/>\n<\/strong><\/span><\/h3>\n<p>Da die Uluguru-Berge f\u00fcr einige Gew\u00fcrze (Pfeffer, Nelken, Zimt, Kardamom...) sehr gute Anbaubedingungen bieten, umfasst das sechsj\u00e4hrige Projekt Schulungen f\u00fcr Kleinb\u00e4uer*innen zu nachhaltigem Gew\u00fcrzanbau, Weiterverarbeitung sowie Marktzugang. Auf diese Art und Weise k\u00f6nnen die Kleinb\u00e4uer*innen ihre Lebensbedingungen verbessern und gleichzeitig das bestehende \u00d6kosystem sch\u00fctzen.<\/p>\n<p><a href=\"https:\/\/kilimo.org\/usp-uluguru-spice-project\/\">Zum Weiterlesen (in englischer Sprache) ...<\/a><\/p>\n<\/div><\/div><\/div><\/div><div id=\"pg-6243-11\"  class=\"panel-grid panel-no-style\" ><div id=\"pgc-6243-11-0\"  class=\"panel-grid-cell\" ><div id=\"panel-6243-11-0-0\" class=\"so-panel widget widget_black-studio-tinymce widget_black_studio_tinymce panel-first-child panel-last-child\" data-index=\"17\" ><div class=\"textwidget\"><p><img loading=\"lazy\" decoding=\"async\" class=\"aligncenter size-full wp-image-9168\" src=\"https:\/\/www.nlo.at\/stage\/wp-content\/uploads\/2020\/08\/20190913_FPC_Lubungo_Mingo_19_HM_web.jpg\" alt=\"Masai-Frauen mit vor Heuballen\" width=\"1200\" height=\"800\" srcset=\"https:\/\/www.nlo.at\/stage\/wp-content\/uploads\/2020\/08\/20190913_FPC_Lubungo_Mingo_19_HM_web.jpg 1200w, https:\/\/www.nlo.at\/stage\/wp-content\/uploads\/2020\/08\/20190913_FPC_Lubungo_Mingo_19_HM_web-300x200.jpg 300w, https:\/\/www.nlo.at\/stage\/wp-content\/uploads\/2020\/08\/20190913_FPC_Lubungo_Mingo_19_HM_web-1024x683.jpg 1024w, https:\/\/www.nlo.at\/stage\/wp-content\/uploads\/2020\/08\/20190913_FPC_Lubungo_Mingo_19_HM_web-768x512.jpg 768w, https:\/\/www.nlo.at\/stage\/wp-content\/uploads\/2020\/08\/20190913_FPC_Lubungo_Mingo_19_HM_web-272x182.jpg 272w\" sizes=\"(max-width: 1200px) 100vw, 1200px\" \/><\/p>\n<\/div><\/div><\/div><div id=\"pgc-6243-11-1\"  class=\"panel-grid-cell\" ><div id=\"panel-6243-11-1-0\" class=\"so-panel widget widget_black-studio-tinymce widget_black_studio_tinymce panel-first-child panel-last-child\" data-index=\"18\" ><div class=\"textwidget\"><h3><span style=\"color: #808080; font-size: 18pt;\"><strong>Farmer &amp; Pastoralist Collaboration (Beginn: 2017)<br \/>\n<\/strong><\/span><\/h3>\n<p>In den Trockengebieten um Morogoro kommt es immer wieder zu Konflikten zwischen Kleinb\u00e4uer*innen und Viehhirt*innen. Das sechsj\u00e4hrige Projekt versucht mit unterschiedlichen agrar\u00f6kologischen Methoden (effektive Wassernutzung, nachhaltiges Weidenmanagement etc.) die Lebensbedingungen der Menschen zu verbessern und beide Gruppen in einen zirkul\u00e4ren Wirtschaftskreislauf einzubinden, von dem alle profitieren und somit Konflikte verringert werden k\u00f6nnen.<\/p>\n<p><a href=\"https:\/\/kilimo.org\/farmers-pastoralists-collaboration-fpc-mvomero\/\">Zum Weiterlesen (in englischer Sprache) ...<\/a><\/p>\n<\/div><\/div><\/div><\/div><div id=\"pg-6243-12\"  class=\"panel-grid panel-no-style\" ><div id=\"pgc-6243-12-0\"  class=\"panel-grid-cell\" ><div id=\"panel-6243-12-0-0\" class=\"so-panel widget widget_black-studio-tinymce widget_black_studio_tinymce panel-first-child panel-last-child\" data-index=\"19\" ><div class=\"textwidget\"><p><img loading=\"lazy\" decoding=\"async\" class=\"aligncenter size-full wp-image-9169\" src=\"https:\/\/www.nlo.at\/stage\/wp-content\/uploads\/2020\/08\/DWABI-woman-baobab-value-addition_web.jpg\" alt=\"Zwei Frauen halten Baobab-S\u00fc\u00dfigkeiten\" width=\"1200\" height=\"800\" srcset=\"https:\/\/www.nlo.at\/stage\/wp-content\/uploads\/2020\/08\/DWABI-woman-baobab-value-addition_web.jpg 1200w, https:\/\/www.nlo.at\/stage\/wp-content\/uploads\/2020\/08\/DWABI-woman-baobab-value-addition_web-300x200.jpg 300w, https:\/\/www.nlo.at\/stage\/wp-content\/uploads\/2020\/08\/DWABI-woman-baobab-value-addition_web-1024x683.jpg 1024w, https:\/\/www.nlo.at\/stage\/wp-content\/uploads\/2020\/08\/DWABI-woman-baobab-value-addition_web-768x512.jpg 768w, https:\/\/www.nlo.at\/stage\/wp-content\/uploads\/2020\/08\/DWABI-woman-baobab-value-addition_web-272x182.jpg 272w\" sizes=\"(max-width: 1200px) 100vw, 1200px\" \/><\/p>\n<\/div><\/div><\/div><div id=\"pgc-6243-12-1\"  class=\"panel-grid-cell\" ><div id=\"panel-6243-12-1-0\" class=\"so-panel widget widget_black-studio-tinymce widget_black_studio_tinymce panel-first-child panel-last-child\" data-index=\"20\" ><div class=\"textwidget\"><h3><span style=\"color: #808080; font-size: 18pt;\"><strong> Dodoma\u00b4s Women in Agriculture and Business Initiative (Beginn: 2019)<br \/>\n<\/strong><\/span><\/h3>\n<p>Das dreij\u00e4hrige Projekt zielt auf die St\u00e4rkung von Frauen in der Region Dodoma und die Verbesserung ihrer Lebensbedingungen ab. Durch Schulungen in biologisch-nachhaltiger Landwirtschaft und Entrepreneurship (Herstellung von Seifen, Baobab-S\u00fc\u00dfigkeiten etc.) sowie der Bildung von Spar- und Leihgruppen k\u00f6nnen die Frauen langfristig ihr Einkommen steigern.<\/p>\n<p><a href=\"https:\/\/kilimo.org\/dodomas-women-in-agriculture-and-business-initiative-dwabi-2\/\">Zum Weiterlesen (in englischer Sprache) ...<\/a><\/p>\n<\/div><\/div><\/div><\/div><div id=\"pg-6243-13\"  class=\"panel-grid panel-no-style\" ><div id=\"pgc-6243-13-0\"  class=\"panel-grid-cell\" ><div id=\"panel-6243-13-0-0\" class=\"so-panel widget widget_black-studio-tinymce widget_black_studio_tinymce panel-first-child panel-last-child\" data-index=\"21\" ><div class=\"textwidget\"><p><img loading=\"lazy\" decoding=\"async\" class=\"aligncenter size-full wp-image-9173\" src=\"https:\/\/www.nlo.at\/stage\/wp-content\/uploads\/2020\/08\/CISTI.jpg\" alt=\"Treffen vom CISTI Projekt\" width=\"1040\" height=\"693\" srcset=\"https:\/\/www.nlo.at\/stage\/wp-content\/uploads\/2020\/08\/CISTI.jpg 1040w, https:\/\/www.nlo.at\/stage\/wp-content\/uploads\/2020\/08\/CISTI-300x200.jpg 300w, https:\/\/www.nlo.at\/stage\/wp-content\/uploads\/2020\/08\/CISTI-1024x682.jpg 1024w, https:\/\/www.nlo.at\/stage\/wp-content\/uploads\/2020\/08\/CISTI-768x512.jpg 768w, https:\/\/www.nlo.at\/stage\/wp-content\/uploads\/2020\/08\/CISTI-272x182.jpg 272w\" sizes=\"(max-width: 1040px) 100vw, 1040px\" \/><\/p>\n<\/div><\/div><\/div><div id=\"pgc-6243-13-1\"  class=\"panel-grid-cell\" ><div id=\"panel-6243-13-1-0\" class=\"so-panel widget widget_black-studio-tinymce widget_black_studio_tinymce panel-first-child panel-last-child\" data-index=\"22\" ><div class=\"textwidget\"><h3><span style=\"color: #808080; font-size: 18pt;\"><strong> Curriculum Implementation Support for Training Institutes (Beginn: 2019)<br \/>\n<\/strong><\/span><\/h3>\n<p>In Zusammenarbeit mit dem Landwirtschaftsministerium unterst\u00fctzt SAT 29 H\u00f6here Lehranstalten f\u00fcr Landwirtschaft bei der Entwicklung und Einf\u00fchrung eines neuen Lehrplans, welcher biologische Landwirtschaft, Umweltmanagement, Kooperativenbildung, Gender etc. inkludiert.<\/p>\n<p><a href=\"https:\/\/kilimo.org\/curriculum-implementation-support-for-training-institutes-cisti\/\">Zum Weiterlesen (in englischer Sprache) ...<\/a><\/p>\n<\/div><\/div><\/div><\/div><\/div>","protected":false},"excerpt":{"rendered":"<p>Unser Projektpartner Sustainable Agriculture Tanzania (SAT) initiert und betreut unterschiedlichste Projekte &#8211; immer mit der Vision vor den Augen, dass die Mehrheit der Kleinb\u00e4uer*innen anerkannte agro\u00f6kologische Anbaumethoden nutzt, um ihre Lebensgrundlagen zu verbessern, die Umwelt zu schonen und den Verwendungsdruck auf nat\u00fcrliche Ressourcen zu reduzieren.<\/p>\n","protected":false},"author":1,"featured_media":0,"parent":0,"menu_order":0,"comment_status":"closed","ping_status":"closed","template":"","meta":{"_monsterinsights_skip_tracking":false,"_monsterinsights_sitenote_active":false,"_monsterinsights_sitenote_note":"","_monsterinsights_sitenote_category":0,"footnotes":""},"class_list":["post-6243","page","type-page","status-publish","hentry"],"_links":{"self":[{"href":"https:\/\/www.nlo.at\/stage\/wp-json\/wp\/v2\/pages\/6243"}],"collection":[{"href":"https:\/\/www.nlo.at\/stage\/wp-json\/wp\/v2\/pages"}],"about":[{"href":"https:\/\/www.nlo.at\/stage\/wp-json\/wp\/v2\/types\/page"}],"author":[{"embeddable":true,"href":"https:\/\/www.nlo.at\/stage\/wp-json\/wp\/v2\/users\/1"}],"replies":[{"embeddable":true,"href":"https:\/\/www.nlo.at\/stage\/wp-json\/wp\/v2\/comments?post=6243"}],"version-history":[{"count":73,"href":"https:\/\/www.nlo.at\/stage\/wp-json\/wp\/v2\/pages\/6243\/revisions"}],"predecessor-version":[{"id":9401,"href":"https:\/\/www.nlo.at\/stage\/wp-json\/wp\/v2\/pages\/6243\/revisions\/9401"}],"wp:attachment":[{"href":"https:\/\/www.nlo.at\/stage\/wp-json\/wp\/v2\/media?parent=6243"}],"curies":[{"name":"wp","href":"https:\/\/api.w.org\/{rel}","templated":true}]}}