{"id":6744,"date":"2015-11-19T13:14:16","date_gmt":"2015-11-19T12:14:16","guid":{"rendered":"http:\/\/www.nlo.at\/stage\/?page_id=6744"},"modified":"2015-11-19T13:22:58","modified_gmt":"2015-11-19T12:22:58","slug":"permakultur-design-kurs","status":"publish","type":"page","link":"https:\/\/www.nlo.at\/stage\/permakultur-design-kurs\/","title":{"rendered":"Permakultur Design Kurs"},"content":{"rendered":"<div id=\"pl-6744\"  class=\"panel-layout\" ><div id=\"pg-6744-0\"  class=\"panel-grid panel-no-style\" ><div id=\"pgc-6744-0-0\"  class=\"panel-grid-cell\" ><div id=\"panel-6744-0-0-0\" class=\"so-panel widget widget_black-studio-tinymce widget_black_studio_tinymce panel-first-child panel-last-child\" data-index=\"0\" ><div class=\"textwidget\"><p><span class=\"\" style=\"display:block;clear:both;height: 0px;padding-top: 55px;border-top-width:0px;border-bottom-width:0px;\"><\/span><\/p>\n<\/div><\/div><\/div><\/div><div id=\"pg-6744-1\"  class=\"panel-grid panel-no-style\" ><div id=\"pgc-6744-1-0\"  class=\"panel-grid-cell\" ><div id=\"panel-6744-1-0-0\" class=\"so-panel widget widget_black-studio-tinymce widget_black_studio_tinymce panel-first-child panel-last-child\" data-index=\"1\" ><div class=\"textwidget\"><p style=\"text-align: center;\"><strong><span style=\"font-size: 14pt;\">Ausbildung in Permakultur<\/span><\/strong><\/p>\n<p style=\"text-align: justify;\">Haben wir richtig geh\u00f6rt ? Auf der einen Seite wollen Sie Ihre Arbeitsaufwand verringern und auf der anderen Seite wollen Sie den gr\u00f6\u00dftm\u00f6glichen Ertrag erwirtschaften ? Dann scheint der Permakultur-Kurs das richtige Training f\u00fcr Sie zu sein. Durch blo\u00dfes Beobachten der Natur lassen sich nat\u00fcrliche Muster erkennen, die eine ganzheitliche Betrachtungsweise, innovative Ideen, sowie neue landwirtschaftliche Methoden erm\u00f6glichen. Innerhalb einer Landwirtschaft, welche auf der Ber\u00fccksichtigung von nat\u00fcrlichen Prozessen aufgebaut ist, l\u00e4sst sich Energie effektiv nutzen, Kosten reduzieren und Ertr\u00e4ge steigern. Als ein Absolvent des Permakultur-Kurses werden Sie mit den F\u00e4higkeiten und Erkenntnissen zu Hause zur\u00fcckkehren, die Sie brauchen, um Ihren eigenen Permakulturgarten anlegen und in vielen weiteren Bereichen der Landwirtschaft anwenden zu k\u00f6nnen. Es eignet sich sowohl f\u00fcr st\u00e4dtische Permakultur, als auch f\u00fcr Kleinbauern und B\u00e4uerinnen, sowie Dorf oder Kommunen-Projekte.<\/p>\n<\/div><\/div><\/div><\/div><div id=\"pg-6744-2\"  class=\"panel-grid panel-no-style\" ><div id=\"pgc-6744-2-0\"  class=\"panel-grid-cell\" ><div id=\"panel-6744-2-0-0\" class=\"so-panel widget widget_black-studio-tinymce widget_black_studio_tinymce panel-first-child panel-last-child\" data-index=\"2\" ><div class=\"textwidget\"><p><a href=\"http:\/\/www.nlo.at\/stage\/wp-content\/uploads\/2015\/11\/PDK-2.jpg\"><img fetchpriority=\"high\" decoding=\"async\" class=\"aligncenter wp-image-6750 size-full\" src=\"http:\/\/www.nlo.at\/stage\/wp-content\/uploads\/2015\/11\/PDK-2.jpg\" alt=\"PDK 2\" width=\"400\" height=\"300\" srcset=\"https:\/\/www.nlo.at\/stage\/wp-content\/uploads\/2015\/11\/PDK-2.jpg 400w, https:\/\/www.nlo.at\/stage\/wp-content\/uploads\/2015\/11\/PDK-2-300x225.jpg 300w\" sizes=\"(max-width: 400px) 100vw, 400px\" \/><\/a><\/p>\n<\/div><\/div><\/div><div id=\"pgc-6744-2-1\"  class=\"panel-grid-cell\" ><div id=\"panel-6744-2-1-0\" class=\"so-panel widget widget_black-studio-tinymce widget_black_studio_tinymce panel-first-child panel-last-child\" data-index=\"3\" ><div class=\"textwidget\"><p><a href=\"http:\/\/www.nlo.at\/stage\/wp-content\/uploads\/2015\/11\/PDK-Head.jpg\"><img decoding=\"async\" class=\"aligncenter wp-image-6748 size-medium\" src=\"http:\/\/www.nlo.at\/stage\/wp-content\/uploads\/2015\/11\/PDK-Head-287x300.jpg\" alt=\"PDK Head\" width=\"287\" height=\"300\" srcset=\"https:\/\/www.nlo.at\/stage\/wp-content\/uploads\/2015\/11\/PDK-Head-287x300.jpg 287w, https:\/\/www.nlo.at\/stage\/wp-content\/uploads\/2015\/11\/PDK-Head.jpg 400w\" sizes=\"(max-width: 287px) 100vw, 287px\" \/><\/a><\/p>\n<\/div><\/div><\/div><\/div><div id=\"pg-6744-3\"  class=\"panel-grid panel-no-style\" ><div id=\"pgc-6744-3-0\"  class=\"panel-grid-cell panel-grid-cell-empty\" ><\/div><div id=\"pgc-6744-3-1\"  class=\"panel-grid-cell\" ><div id=\"panel-6744-3-1-0\" class=\"so-panel widget widget_black-studio-tinymce widget_black_studio_tinymce panel-first-child panel-last-child\" data-index=\"4\" ><div class=\"textwidget\"><p>\u00a0\u00a0\u00a0\u00a0\u00a0\u00a0\u00a0\u00a0\u00a0\u00a0\u00a0\u00a0\u00a0\u00a0\u00a0\u00a0\u00a0\u00a0\u00a0\u00a0\u00a0 <strong>1 Woche<\/strong><br \/>Tag 1: Grundlagen der Permakultur<br \/>Tag 2: Entwurfsmuster<br \/>Tag 3: Wasser <br \/>Tag 4: Land, Wald und \u00d6kosysteme<br \/>Tag 5: Boden \u2013 die lebende Haut der Erde<br \/>Tag 6: Gartenbau<\/p>\n<\/div><\/div><\/div><div id=\"pgc-6744-3-2\"  class=\"panel-grid-cell panel-grid-cell-mobile-last\" ><div id=\"panel-6744-3-2-0\" class=\"so-panel widget widget_black-studio-tinymce widget_black_studio_tinymce panel-first-child panel-last-child\" data-index=\"5\" ><div class=\"textwidget\"><p><strong>\u00a0\u00a0\u00a0\u00a0\u00a0\u00a0\u00a0\u00a0\u00a0\u00a0\u00a0\u00a0\u00a0\u00a0\u00a0\u00a0\u00a0\u00a0\u00a0\u00a0\u00a0\u00a0\u00a0\u00a0\u00a0\u00a0\u00a0\u00a0\u00a0\u00a0\u00a0 2 Woche<\/strong><br \/>Tag 7: Katastrophenschutz<br \/>Tag 8: Strategien f\u00fcr ausgetrocknetes Land <br \/>Tag 9: Hilfsmittel f\u00fcr eine kluge Arbeitsweise <br \/>Tag 10:\u00d6kod\u00f6rfer, Gemeinschaften globales Denken<br \/>Tag 11: Gr\u00fcne \u00d6konomie und gerechte Lebensgrundlagen <br \/>Tag 12: F\u00fcge alles zusammen: Der Projektentwurf<\/p>\n<\/div><\/div><\/div><div id=\"pgc-6744-3-3\"  class=\"panel-grid-cell panel-grid-cell-empty\" ><\/div><\/div><\/div>","protected":false},"excerpt":{"rendered":"<p>Ausbildung in PermakulturHaben wir richtig geh\u00f6rt ? Auf der einen Seite wollen Sie Ihre Arbeitsaufwand verringern und auf der anderen Seite wollen Sie den gr\u00f6\u00dftm\u00f6glichen Ertrag erwirtschaften ? Dann scheint der Permakultur-Kurs das richtige Training f\u00fcr Sie zu sein. Durch blo\u00dfes Beobachten der Natur lassen sich nat\u00fcrliche Muster erkennen, die eine ganzheitliche Betrachtungsweise, innovative Ideen,&#8230; <\/p>\n<div class=\"clear\"><\/div>\n<p><a href=\"https:\/\/www.nlo.at\/stage\/permakultur-design-kurs\/\" class=\"excerpt-read-more\">Read More<\/a><\/p>\n","protected":false},"author":1,"featured_media":0,"parent":0,"menu_order":0,"comment_status":"closed","ping_status":"closed","template":"","meta":{"_monsterinsights_skip_tracking":false,"_monsterinsights_sitenote_active":false,"_monsterinsights_sitenote_note":"","_monsterinsights_sitenote_category":0,"footnotes":""},"class_list":["post-6744","page","type-page","status-publish","hentry"],"_links":{"self":[{"href":"https:\/\/www.nlo.at\/stage\/wp-json\/wp\/v2\/pages\/6744"}],"collection":[{"href":"https:\/\/www.nlo.at\/stage\/wp-json\/wp\/v2\/pages"}],"about":[{"href":"https:\/\/www.nlo.at\/stage\/wp-json\/wp\/v2\/types\/page"}],"author":[{"embeddable":true,"href":"https:\/\/www.nlo.at\/stage\/wp-json\/wp\/v2\/users\/1"}],"replies":[{"embeddable":true,"href":"https:\/\/www.nlo.at\/stage\/wp-json\/wp\/v2\/comments?post=6744"}],"version-history":[{"count":3,"href":"https:\/\/www.nlo.at\/stage\/wp-json\/wp\/v2\/pages\/6744\/revisions"}],"predecessor-version":[{"id":6752,"href":"https:\/\/www.nlo.at\/stage\/wp-json\/wp\/v2\/pages\/6744\/revisions\/6752"}],"wp:attachment":[{"href":"https:\/\/www.nlo.at\/stage\/wp-json\/wp\/v2\/media?parent=6744"}],"curies":[{"name":"wp","href":"https:\/\/api.w.org\/{rel}","templated":true}]}}