{"id":6948,"date":"2015-11-27T13:49:47","date_gmt":"2015-11-27T12:49:47","guid":{"rendered":"http:\/\/www.nlo.at\/stage\/?page_id=6948"},"modified":"2015-11-27T13:53:17","modified_gmt":"2015-11-27T12:53:17","slug":"ausbildungszentrum-fuer-biologische-landwirtschaft","status":"publish","type":"page","link":"https:\/\/www.nlo.at\/stage\/ausbildungszentrum-fuer-biologische-landwirtschaft\/","title":{"rendered":"Ausbildungszentrum f\u00fcr biologische Landwirtschaft"},"content":{"rendered":"<div id=\"pl-6948\"  class=\"panel-layout\" ><div id=\"pg-6948-0\"  class=\"panel-grid panel-no-style\" ><div id=\"pgc-6948-0-0\"  class=\"panel-grid-cell\" ><div id=\"panel-6948-0-0-0\" class=\"so-panel widget widget_black-studio-tinymce widget_black_studio_tinymce panel-first-child panel-last-child\" data-index=\"0\" ><div class=\"textwidget\"><p><span class=\"\" style=\"display:block;clear:both;height: 0px;padding-top: 55px;border-top-width:0px;border-bottom-width:0px;\"><\/span><\/p>\n<\/div><\/div><\/div><\/div><div id=\"pg-6948-1\"  class=\"panel-grid panel-no-style\" ><div id=\"pgc-6948-1-0\"  class=\"panel-grid-cell\" ><div id=\"panel-6948-1-0-0\" class=\"so-panel widget widget_black-studio-tinymce widget_black_studio_tinymce panel-first-child panel-last-child\" data-index=\"1\" ><div class=\"textwidget\"><h3 style=\"text-align: center;\">Ausbildungszentrum f\u00fcr Kleinbauern und B\u00e4uerinnen f\u00fcr biologisch-nachhaltige Landwirtschaft<\/h3>\n<\/div><\/div><\/div><\/div><div id=\"pg-6948-2\"  class=\"panel-grid panel-no-style\" ><div id=\"pgc-6948-2-0\"  class=\"panel-grid-cell\" ><div id=\"panel-6948-2-0-0\" class=\"so-panel widget widget_black-studio-tinymce widget_black_studio_tinymce panel-first-child panel-last-child\" data-index=\"2\" ><div class=\"textwidget\"><p style=\"text-align: justify;\">Vor \u00fcber zwei Jahr (September 2013) wurde das erste Ausbildungszentrum f\u00fcr biologische Landwirtschaft in Tansania von der Organisation SAT er\u00f6ffnet. Bis heute wurden mehr als 1000 Bauern und B\u00e4uerinnen, sowie Interessierte der biologischen Landwirtschaft auf der Farm ausgebildet. Mittlerweile werden 10 verschiedene Kurse rund um die Themen von Nachhaltigkeit und biologischer Produktion von Lebensmitteln angeboten. <br \/>Um einen reibungslosen Ablauf der Schulungen gew\u00e4hrleisten zu k\u00f6nnen, wurden diverse Einrichtungen geschaffen, die es erlauben, die Kursteilnehmer (bis zu 42 Personen) ad\u00e4quat unterbringen und versorgen zu k\u00f6nnen. Das Ausbildungszentrum betreibt neben den Schulungsaktivit\u00e4ten auch noch einen landwirtschaftlichen Betrieb, welcher von Feldfr\u00fcchten (Mais, Sonnenblumen, Hirse, Hibiskus) \u00fcber tierische Erzeugnisse (Milch, Eier) auch Trockenfr\u00fcchte und Arzneipflanzen produziert.<\/p>\n<\/div><\/div><\/div><div id=\"pgc-6948-2-1\"  class=\"panel-grid-cell\" ><div id=\"panel-6948-2-1-0\" class=\"so-panel widget widget_black-studio-tinymce widget_black_studio_tinymce panel-first-child panel-last-child\" data-index=\"3\" ><div class=\"textwidget\"><p style=\"text-align: justify;\">Dieser Teil dient den Besuchern gleichzeitig als Demonstrationsfl\u00e4che und als praktisches Beispiel, wie organische Landwirtschaft umgesetzt werden kann. Die Finanzierung der Farm setzt sich dabei aus den durchgef\u00fchrten Kursen und verschiedenen Projekten zusammen, welche im Bereich des landwirtschaftlichen Betriebes er\u00f6ffnet wurden. S\u00e4mtliche Einnahmen, die auf der Farm entstehen, werden sofort reinvestiert, um den Ausbildungsbetrieb weiterf\u00fchren und den Ausbau der Farm weiter vorantreiben zu k\u00f6nnen. Schon jetzt erreicht die Farm eine Selbstfinanzierung von 70% mit steigender Tendenz. Bis Ende 2016 wird eine vollst\u00e4ndig finanzielle Autarkie angestrebt. Link zur Homepage des Ausbildungszentrums http:\/\/kilimo.org\/WordPress\/farmer-training-centre\/<\/p>\n<\/div><\/div><\/div><\/div><div id=\"pg-6948-3\"  class=\"panel-grid panel-no-style\" ><div id=\"pgc-6948-3-0\"  class=\"panel-grid-cell\" ><div id=\"panel-6948-3-0-0\" class=\"so-panel widget widget_black-studio-tinymce widget_black_studio_tinymce panel-first-child panel-last-child\" data-index=\"4\" ><div class=\"textwidget\"><p><a href=\"http:\/\/www.nlo.at\/stage\/wp-content\/uploads\/2015\/11\/IMG_0823_retouchiert.jpg\"><img fetchpriority=\"high\" decoding=\"async\" class=\"aligncenter wp-image-6949 size-full\" src=\"http:\/\/www.nlo.at\/stage\/wp-content\/uploads\/2015\/11\/IMG_0823_retouchiert.jpg\" alt=\"IMG_0823_retouchiert\" width=\"400\" height=\"300\" srcset=\"https:\/\/www.nlo.at\/stage\/wp-content\/uploads\/2015\/11\/IMG_0823_retouchiert.jpg 400w, https:\/\/www.nlo.at\/stage\/wp-content\/uploads\/2015\/11\/IMG_0823_retouchiert-300x225.jpg 300w\" sizes=\"(max-width: 400px) 100vw, 400px\" \/><\/a><\/p>\n<\/div><\/div><\/div><div id=\"pgc-6948-3-1\"  class=\"panel-grid-cell\" ><div id=\"panel-6948-3-1-0\" class=\"so-panel widget widget_black-studio-tinymce widget_black_studio_tinymce panel-first-child panel-last-child\" data-index=\"5\" ><div class=\"textwidget\"><p><a href=\"http:\/\/www.nlo.at\/stage\/wp-content\/uploads\/2015\/11\/IMG_4246.jpg\"><img decoding=\"async\" class=\"aligncenter wp-image-6951 size-full\" src=\"http:\/\/www.nlo.at\/stage\/wp-content\/uploads\/2015\/11\/IMG_4246.jpg\" alt=\"IMG_4246\" width=\"400\" height=\"300\" srcset=\"https:\/\/www.nlo.at\/stage\/wp-content\/uploads\/2015\/11\/IMG_4246.jpg 400w, https:\/\/www.nlo.at\/stage\/wp-content\/uploads\/2015\/11\/IMG_4246-300x225.jpg 300w\" sizes=\"(max-width: 400px) 100vw, 400px\" \/><\/a><\/p>\n<\/div><\/div><\/div><\/div><div id=\"pg-6948-4\"  class=\"panel-grid panel-no-style\" ><div id=\"pgc-6948-4-0\"  class=\"panel-grid-cell\" ><div id=\"panel-6948-4-0-0\" class=\"so-panel widget widget_black-studio-tinymce widget_black_studio_tinymce panel-first-child panel-last-child\" data-index=\"6\" ><div class=\"textwidget\"><p style=\"text-align: center;\"><a href=\"http:\/\/www.nlo.at\/stage\/wp-content\/uploads\/2015\/11\/Classroom.jpg\"><img decoding=\"async\" class=\"aligncenter wp-image-6952 size-full\" src=\"http:\/\/www.nlo.at\/stage\/wp-content\/uploads\/2015\/11\/Classroom.jpg\" alt=\"Classroom\" width=\"878\" height=\"199\" srcset=\"https:\/\/www.nlo.at\/stage\/wp-content\/uploads\/2015\/11\/Classroom.jpg 878w, https:\/\/www.nlo.at\/stage\/wp-content\/uploads\/2015\/11\/Classroom-300x68.jpg 300w\" sizes=\"(max-width: 878px) 100vw, 878px\" \/><\/a><\/p>\n<\/div><\/div><\/div><\/div><div id=\"pg-6948-5\"  class=\"panel-grid panel-no-style\" ><div id=\"pgc-6948-5-0\"  class=\"panel-grid-cell panel-grid-cell-empty\" ><\/div><div id=\"pgc-6948-5-1\"  class=\"panel-grid-cell panel-grid-cell-mobile-last\" ><div id=\"panel-6948-5-1-0\" class=\"so-panel widget widget_black-studio-tinymce widget_black_studio_tinymce panel-first-child panel-last-child\" data-index=\"7\" ><div class=\"textwidget\"><p><strong>Projekt<\/strong>: FTC-Farmer Trainings Centre<br \/><strong>Beginn:<\/strong> 2013<br \/><strong>Unterst\u00fctzer<\/strong>: SAT + die Unterst\u00fctzer der Projekte innerhalb des Zentrums<br \/><strong>Zielsetzung:<\/strong><\/p>\n<ul>\n<li>Ausbildung von Kleinbauern und B\u00e4uerinnen in Themen der biologisch-nachhaltigen Landwirtschaft<\/li>\n<li>Etablierung eines landwirtschaftlichen Betriebes f\u00fcr organische Landwirtschaft<\/li>\n<li>Selbstfinanzierung bis Ende 2016<\/li>\n<\/ul>\n<\/div><\/div><\/div><div id=\"pgc-6948-5-2\"  class=\"panel-grid-cell panel-grid-cell-empty\" ><\/div><\/div><\/div>","protected":false},"excerpt":{"rendered":"<p>Ausbildungszentrum f\u00fcr Kleinbauern und B\u00e4uerinnen f\u00fcr biologisch-nachhaltige Landwirtschaft<\/p>\n","protected":false},"author":1,"featured_media":0,"parent":0,"menu_order":0,"comment_status":"closed","ping_status":"closed","template":"","meta":{"_monsterinsights_skip_tracking":false,"_monsterinsights_sitenote_active":false,"_monsterinsights_sitenote_note":"","_monsterinsights_sitenote_category":0,"footnotes":""},"class_list":["post-6948","page","type-page","status-publish","hentry"],"_links":{"self":[{"href":"https:\/\/www.nlo.at\/stage\/wp-json\/wp\/v2\/pages\/6948"}],"collection":[{"href":"https:\/\/www.nlo.at\/stage\/wp-json\/wp\/v2\/pages"}],"about":[{"href":"https:\/\/www.nlo.at\/stage\/wp-json\/wp\/v2\/types\/page"}],"author":[{"embeddable":true,"href":"https:\/\/www.nlo.at\/stage\/wp-json\/wp\/v2\/users\/1"}],"replies":[{"embeddable":true,"href":"https:\/\/www.nlo.at\/stage\/wp-json\/wp\/v2\/comments?post=6948"}],"version-history":[{"count":2,"href":"https:\/\/www.nlo.at\/stage\/wp-json\/wp\/v2\/pages\/6948\/revisions"}],"predecessor-version":[{"id":6955,"href":"https:\/\/www.nlo.at\/stage\/wp-json\/wp\/v2\/pages\/6948\/revisions\/6955"}],"wp:attachment":[{"href":"https:\/\/www.nlo.at\/stage\/wp-json\/wp\/v2\/media?parent=6948"}],"curies":[{"name":"wp","href":"https:\/\/api.w.org\/{rel}","templated":true}]}}