{"id":6986,"date":"2015-12-03T08:04:09","date_gmt":"2015-12-03T07:04:09","guid":{"rendered":"http:\/\/www.nlo.at\/stage\/?page_id=6986"},"modified":"2020-05-11T09:50:39","modified_gmt":"2020-05-11T07:50:39","slug":"impressum","status":"publish","type":"page","link":"https:\/\/www.nlo.at\/stage\/impressum\/","title":{"rendered":"Impressum"},"content":{"rendered":"<div id=\"pl-6986\"  class=\"panel-layout\" ><div id=\"pg-6986-0\"  class=\"panel-grid panel-no-style\" ><div id=\"pgc-6986-0-0\"  class=\"panel-grid-cell\" ><div id=\"panel-6986-0-0-0\" class=\"so-panel widget widget_black-studio-tinymce widget_black_studio_tinymce panel-first-child panel-last-child\" data-index=\"0\" ><div class=\"textwidget\"><p><span class=\"\" style=\"display:block;clear:both;height: 0px;padding-top: 55px;border-top-width:0px;border-bottom-width:0px;\"><\/span><\/p>\n<\/div><\/div><\/div><\/div><div id=\"pg-6986-1\"  class=\"panel-grid panel-no-style\" ><div id=\"pgc-6986-1-0\"  class=\"panel-grid-cell\" ><div id=\"panel-6986-1-0-0\" class=\"so-panel widget widget_black-studio-tinymce widget_black_studio_tinymce panel-first-child panel-last-child\" data-index=\"1\" ><div class=\"textwidget\"><div class=\"content clearfix\">\n<p style=\"text-align: justify;\"><strong><span style=\"font-size: 18pt;\">Impressum<\/span><\/strong><\/p>\n<p style=\"text-align: justify;\"><span style=\"font-size: 12pt;\"><strong>Vereinsdaten:<\/strong><br \/>\n<\/span><span style=\"font-size: 12pt;\">Name: Nachhaltige Landwirtschaft Ostafrika (NLO)<br \/>\n<\/span><span style=\"font-size: 12pt;\">ZVR-Zahl: 350759867<br \/>\n<\/span><span style=\"font-size: 12pt;\">Sitz: Feldkirch<br \/>\n<\/span><span style=\"font-size: 12pt;\">Zustellanschrift: 6800 Feldkirch, Blumenau 3<br \/>\n<\/span><span style=\"font-size: 12pt;\">Land: \u00d6sterreich<br \/>\n<\/span><span style=\"font-size: 12pt;\">Email: info@nlo.at<br \/>\n<\/span><span style=\"font-size: 12pt;\">Gegr\u00fcndet am: 15.06.2010<br \/>\n<a href=\"http:\/\/www.nlo.at\/stage\/wp-content\/uploads\/2016\/02\/NLO-Statuten-mit-Stempel-BH-2016.pdf\">Statuten Nachhaltige Landwirtschaft Ostafrika (NLO)<\/a><\/span><\/p>\n<p style=\"text-align: justify;\"><span style=\"font-size: 12pt;\"><strong>Vorstand:<\/strong><br \/>\n<\/span><span style=\"font-size: 12pt;\">Pr\u00e4sident: Florian Wostry<br \/>\nKassierin: Irene Hauer<br \/>\n<\/span><span style=\"font-size: 12pt;\">Schriftf\u00fchrerin: Annika Maier<\/span><\/p>\n<p style=\"text-align: justify;\"><span style=\"font-size: 12pt;\"><strong>Allgemeines:<br \/>\n<\/strong><\/span><span style=\"font-size: 12pt;\">\u00a92010 - Die Konzeption sowie Grafik\/Layout unterliegen, wenn nicht anders angegeben, dem Copyright von \u201eNachhaltige Landwirtschaft Ostafrika (NLO)\u201c. Bilder, Audio- und Videodateien unterliegen, wenn nicht anders angegeben, dem Copyright des Betreibers. Eine Reproduktion oder Wiedergabe des Ganzen oder von Teilen in jedweder Form bedarf der ausdr\u00fccklichen schriftlichen Genehmigung.<\/span><br \/>\n<span style=\"font-size: 12pt;\"> Bildmaterial: Eine Reproduktion oder Wiedergabe des Ganzen oder von Teilen in jedweder Form bedarf der ausdr\u00fccklichen schriftlichen Genehmigung. (Bildquelle: \u201eNachhaltige Landwirtschaft Ostafrika (NLO)\u201c)<\/span><br \/>\n<span style=\"font-size: 12pt;\"> Disclaimer: Der genannte Betreiber ist bem\u00fcht, richtige und vollst\u00e4ndige Informationen auf dieser Website bereitzustellen, \u00fcbernimmt aber keinerlei Verantwortung, Garantien oder Haftung daf\u00fcr, dass die durch diese Website bereitgestellten Informationen, einschlie\u00dflich jeglicher Datenbankeintr\u00e4ge, richtig, vollst\u00e4ndig oder aktuell sind. Der Betreiber beh\u00e4lt sich das Recht vor, jederzeit und ohne Vorank\u00fcndigung die Informationen auf dieser Website zu \u00e4ndern und verpflichtet sich auch nicht, die enthaltenen Informationen zu aktualisieren. Die Hypertext-Links sind ausschlie\u00dflich als Vereinfachung f\u00fcr die Benutzer gedacht und die Aufnahme eines beliebigen Links bedeutet keine Unterst\u00fctzung oder Empfehlung der verlinkten Information durch den Betreiber und spiegelt nicht die Meinung des Betreibers wieder. Der Betreiber ist in keiner Weise verantwortlich f\u00fcr die Inhalte auf irgendeiner verlinkten Website oder irgendeinem Link in einer verlinkten Website. In keinem Fall kann der Betreiber f\u00fcr Sch\u00e4den irgendeiner Art haftbar gemacht werden, die sich aus der Nutzung oder den Inhalten oder der Verf\u00fcgbarkeit dieser Website, oder den Dokumenten, Diensten und Informationen auf dieser Website ergeben k\u00f6nnten. Dabei ist es gleichg\u00fcltig, ob der Schaden direkter, indirekter oder finanzieller Natur ist, oder ein Folgeschaden oder sonstiger Schaden ist, der sich aus Datenverlust, Nutzungsausfall oder sonstigen Gr\u00fcnden aller Art ergeben k\u00f6nnte.<\/span><\/p>\n<\/div>\n<\/div><\/div><\/div><\/div><\/div>","protected":false},"excerpt":{"rendered":"<p>Impressum Vereinsdaten: Name: Nachhaltige Landwirtschaft Ostafrika (NLO) ZVR-Zahl: 350759867 Sitz: Feldkirch Zustellanschrift: 6800 Feldkirch, Blumenau 3 Land: \u00d6sterreich Email: info@nlo.at Gegr\u00fcndet am: 15.06.2010 Statuten Nachhaltige Landwirtschaft Ostafrika (NLO) Vorstand: Pr\u00e4sident: Florian Wostry Kassierin: Irene Hauer Schriftf\u00fchrerin: Annika Maier Allgemeines: \u00a92010 &#8211; Die Konzeption sowie Grafik\/Layout unterliegen, wenn nicht anders angegeben, dem Copyright von \u201eNachhaltige Landwirtschaft&#8230; <\/p>\n<div class=\"clear\"><\/div>\n<p><a href=\"https:\/\/www.nlo.at\/stage\/impressum\/\" class=\"excerpt-read-more\">Read More<\/a><\/p>\n","protected":false},"author":1,"featured_media":0,"parent":0,"menu_order":0,"comment_status":"closed","ping_status":"closed","template":"","meta":{"_monsterinsights_skip_tracking":false,"_monsterinsights_sitenote_active":false,"_monsterinsights_sitenote_note":"","_monsterinsights_sitenote_category":0,"footnotes":""},"class_list":["post-6986","page","type-page","status-publish","hentry"],"_links":{"self":[{"href":"https:\/\/www.nlo.at\/stage\/wp-json\/wp\/v2\/pages\/6986"}],"collection":[{"href":"https:\/\/www.nlo.at\/stage\/wp-json\/wp\/v2\/pages"}],"about":[{"href":"https:\/\/www.nlo.at\/stage\/wp-json\/wp\/v2\/types\/page"}],"author":[{"embeddable":true,"href":"https:\/\/www.nlo.at\/stage\/wp-json\/wp\/v2\/users\/1"}],"replies":[{"embeddable":true,"href":"https:\/\/www.nlo.at\/stage\/wp-json\/wp\/v2\/comments?post=6986"}],"version-history":[{"count":14,"href":"https:\/\/www.nlo.at\/stage\/wp-json\/wp\/v2\/pages\/6986\/revisions"}],"predecessor-version":[{"id":8463,"href":"https:\/\/www.nlo.at\/stage\/wp-json\/wp\/v2\/pages\/6986\/revisions\/8463"}],"wp:attachment":[{"href":"https:\/\/www.nlo.at\/stage\/wp-json\/wp\/v2\/media?parent=6986"}],"curies":[{"name":"wp","href":"https:\/\/api.w.org\/{rel}","templated":true}]}}