{"id":8401,"date":"2020-05-09T10:40:49","date_gmt":"2020-05-09T08:40:49","guid":{"rendered":"http:\/\/www.nlo.at\/stage\/?page_id=8401"},"modified":"2020-08-10T17:54:33","modified_gmt":"2020-08-10T15:54:33","slug":"nlo-newsletter-anmeldung-neu","status":"publish","type":"page","link":"https:\/\/www.nlo.at\/stage\/nlo-newsletter-anmeldung-neu\/","title":{"rendered":"NLO Newsletter Anmeldung NEU"},"content":{"rendered":"<div id=\"pl-gb8401-6a09c8aa3afe4\"  class=\"panel-layout\" ><div id=\"pg-gb8401-6a09c8aa3afe4-0\"  class=\"panel-grid panel-no-style\" ><div id=\"pgc-gb8401-6a09c8aa3afe4-0-0\"  class=\"panel-grid-cell panel-grid-cell-empty panel-grid-cell-mobile-last\" ><\/div><div id=\"pgc-gb8401-6a09c8aa3afe4-0-1\"  class=\"panel-grid-cell panel-grid-cell-empty\" ><\/div><\/div><div id=\"pg-gb8401-6a09c8aa3afe4-1\"  class=\"panel-grid panel-no-style\" ><div id=\"pgc-gb8401-6a09c8aa3afe4-1-0\"  class=\"panel-grid-cell\" ><div id=\"panel-gb8401-6a09c8aa3afe4-1-0-0\" class=\"so-panel widget widget_black-studio-tinymce widget_black_studio_tinymce panel-first-child\" data-index=\"0\" ><div class=\"textwidget\"><p style=\"text-align: center;\"><span style=\"color: #008000; font-size: 18pt;\"><strong>Anmeldung NLO Newsletter<\/strong><\/span><\/p>\n<p style=\"text-align: justify;\"><span style=\"font-size: 14pt;\">Bleiben Sie immer auf dem Laufenden! Mit unserem Newsletter erhalten Sie interessante Einblicke in die Projektaktivit\u00e4ten von Sustainable Agriculture Tanzania und erfahren Wissenswertes rund um biologisch-nachhaltige Landwirtschaft.<\/span><\/p>\n<\/div><\/div>\n\t\t<div id=\"panel-gb8401-6a09c8aa3afe4-1-0-1\" class=\"so-panel widget widget_recent-posts widget_recent_entries panel-last-child\" data-index=\"1\" >\n\t\t<h3 class=\"widget-title\">Unsere neuesten Blogbeitr\u00e4ge<\/h3>\n\t\t<ul>\n\t\t\t\t\t\t\t\t\t\t\t<li>\n\t\t\t\t\t<a href=\"https:\/\/www.nlo.at\/stage\/sats-projektaktivitaeten-wirken-die-27-jaehrige-roziana-erzaehlt-ueber-ihre-erfolgsgeschichte\/\">SAT\u2019s Projektaktivit\u00e4ten wirken: Die 27-j\u00e4hrige Roziana erz\u00e4hlt \u00fcber ihre Erfolgsgeschichte<\/a>\n\t\t\t\t\t\t\t\t\t<\/li>\n\t\t\t\t\t\t\t\t\t\t\t<li>\n\t\t\t\t\t<a href=\"https:\/\/www.nlo.at\/stage\/wir-sind-stolz-sat-ist-fuer-den-one-world-award-2020-nominiert\/\">Wir sind stolz: SAT ist f\u00fcr den One World Award 2020 nominiert<\/a>\n\t\t\t\t\t\t\t\t\t<\/li>\n\t\t\t\t\t\t\t\t\t\t\t<li>\n\t\t\t\t\t<a href=\"https:\/\/www.nlo.at\/stage\/gemeinsam-gegen-die-herausforderungen-in-trockengebieten\/\">Gemeinsam gegen die Herausforderungen in Trockengebieten<\/a>\n\t\t\t\t\t\t\t\t\t<\/li>\n\t\t\t\t\t<\/ul>\n\n\t\t<\/div><\/div><div id=\"pgc-gb8401-6a09c8aa3afe4-1-1\"  class=\"panel-grid-cell\" ><div id=\"panel-gb8401-6a09c8aa3afe4-1-1-0\" class=\"so-panel widget widget_mc4wp_form_widget panel-first-child\" data-index=\"2\" ><script>(function() {\n\twindow.mc4wp = window.mc4wp || {\n\t\tlisteners: [],\n\t\tforms: {\n\t\t\ton: function(evt, cb) {\n\t\t\t\twindow.mc4wp.listeners.push(\n\t\t\t\t\t{\n\t\t\t\t\t\tevent   : evt,\n\t\t\t\t\t\tcallback: cb\n\t\t\t\t\t}\n\t\t\t\t);\n\t\t\t}\n\t\t}\n\t}\n})();\n<\/script><!-- Mailchimp for WordPress v4.9.17 - https:\/\/wordpress.org\/plugins\/mailchimp-for-wp\/ --><form id=\"mc4wp-form-1\" class=\"mc4wp-form mc4wp-form-7525\" method=\"post\" data-id=\"7525\" data-name=\"\" ><div class=\"mc4wp-form-fields\"><p>\r\n    <label>Vorname:<\/label>\r\n    <input placeholder=\"Optional\" name=\"FNAME\" type=\"text\"\/>\r\n<\/p><p>\r\n    <label>Familienname:<\/label>\r\n    <input placeholder=\"Optional\" name=\"LNAME\" type=\"text\"\/>\r\n<\/p><p>\r\n\t<label for=\"mc4wp_email\">Email Adresse: <\/label>\r\n\t<input type=\"email\" id=\"mc4wp_email\" name=\"EMAIL\" placeholder=\"Erforderlich\" required \/>\r\n<\/p>\r\n\r\n<p>\r\n\t<input type=\"submit\" value=\"Anmelden\" \/>\r\n<\/p>\r\n<\/div><label style=\"display: none !important;\">Wenn du ein Mensch bist, lasse das Feld leer: <input type=\"text\" name=\"_mc4wp_honeypot\" value=\"\" tabindex=\"-1\" autocomplete=\"off\" \/><\/label><input type=\"hidden\" name=\"_mc4wp_timestamp\" value=\"1779026090\" \/><input type=\"hidden\" name=\"_mc4wp_form_id\" value=\"7525\" \/><input type=\"hidden\" name=\"_mc4wp_form_element_id\" value=\"mc4wp-form-1\" \/><div class=\"mc4wp-response\"><\/div><\/form><!-- \/ Mailchimp for WordPress Plugin --><\/div><div id=\"panel-gb8401-6a09c8aa3afe4-1-1-1\" class=\"so-panel widget widget_media_image panel-last-child\" data-index=\"3\" ><img fetchpriority=\"high\" decoding=\"async\" width=\"300\" height=\"200\" src=\"https:\/\/www.nlo.at\/stage\/wp-content\/uploads\/2020\/05\/20200229_Infrastructure-and-Units_17_HM-300x200.jpg\" class=\"image wp-image-8420  attachment-medium size-medium\" alt=\"Man bindet Pflanzengestell\" style=\"max-width: 100%; height: auto;\" srcset=\"https:\/\/www.nlo.at\/stage\/wp-content\/uploads\/2020\/05\/20200229_Infrastructure-and-Units_17_HM-300x200.jpg 300w, https:\/\/www.nlo.at\/stage\/wp-content\/uploads\/2020\/05\/20200229_Infrastructure-and-Units_17_HM-272x182.jpg 272w, https:\/\/www.nlo.at\/stage\/wp-content\/uploads\/2020\/05\/20200229_Infrastructure-and-Units_17_HM.jpg 600w\" sizes=\"(max-width: 300px) 100vw, 300px\" \/><\/div><\/div><\/div><\/div>","protected":false},"excerpt":{"rendered":"<p>Anmeldung NLO Newsletter<br \/>\nBleiben Sie immer auf dem Laufenden! Mit unserem Newsletter erhalten Sie interessante Einblicke in die Projektaktivit\u00e4ten von Sustainable Agriculture Tanzania und erfahren Wissenswertes rund um biologisch-nachhaltige Landwirtschaft.<\/p>\n","protected":false},"author":1,"featured_media":0,"parent":0,"menu_order":0,"comment_status":"closed","ping_status":"closed","template":"","meta":{"_monsterinsights_skip_tracking":false,"_monsterinsights_sitenote_active":false,"_monsterinsights_sitenote_note":"","_monsterinsights_sitenote_category":0,"footnotes":""},"class_list":["post-8401","page","type-page","status-publish","hentry"],"_links":{"self":[{"href":"https:\/\/www.nlo.at\/stage\/wp-json\/wp\/v2\/pages\/8401"}],"collection":[{"href":"https:\/\/www.nlo.at\/stage\/wp-json\/wp\/v2\/pages"}],"about":[{"href":"https:\/\/www.nlo.at\/stage\/wp-json\/wp\/v2\/types\/page"}],"author":[{"embeddable":true,"href":"https:\/\/www.nlo.at\/stage\/wp-json\/wp\/v2\/users\/1"}],"replies":[{"embeddable":true,"href":"https:\/\/www.nlo.at\/stage\/wp-json\/wp\/v2\/comments?post=8401"}],"version-history":[{"count":33,"href":"https:\/\/www.nlo.at\/stage\/wp-json\/wp\/v2\/pages\/8401\/revisions"}],"predecessor-version":[{"id":9124,"href":"https:\/\/www.nlo.at\/stage\/wp-json\/wp\/v2\/pages\/8401\/revisions\/9124"}],"wp:attachment":[{"href":"https:\/\/www.nlo.at\/stage\/wp-json\/wp\/v2\/media?parent=8401"}],"curies":[{"name":"wp","href":"https:\/\/api.w.org\/{rel}","templated":true}]}}