{"id":8555,"date":"2020-08-07T15:25:39","date_gmt":"2020-08-07T13:25:39","guid":{"rendered":"https:\/\/www.nlo.at\/stage\/?page_id=8555"},"modified":"2022-07-22T08:02:47","modified_gmt":"2022-07-22T06:02:47","slug":"ausbildungskurse-in-biologisch-nachhaltiger-landwirtschaft","status":"publish","type":"page","link":"https:\/\/www.nlo.at\/stage\/ausbildungskurse-in-biologisch-nachhaltiger-landwirtschaft\/","title":{"rendered":"Ausbildungskurse in biologisch-nachhaltiger Landwirtschaft"},"content":{"rendered":"<div id=\"pl-8555\"  class=\"panel-layout\" ><div id=\"pg-8555-0\"  class=\"panel-grid panel-no-style\" ><div id=\"pgc-8555-0-0\"  class=\"panel-grid-cell\" ><div id=\"panel-8555-0-0-0\" class=\"so-panel widget widget_text panel-first-child panel-last-child\" data-index=\"0\" >\t\t\t<div class=\"textwidget\"><span class=\"\" style=\"display:block;clear:both;height: 0px;padding-top: 30px;border-top-width:0px;border-bottom-width:0px;\"><\/span>\n<\/div>\n\t\t<\/div><\/div><\/div><div id=\"pg-8555-1\"  class=\"panel-grid panel-no-style\" ><div id=\"pgc-8555-1-0\"  class=\"panel-grid-cell\" ><div id=\"panel-8555-1-0-0\" class=\"so-panel widget widget_black-studio-tinymce widget_black_studio_tinymce panel-first-child panel-last-child\" data-index=\"1\" ><div class=\"textwidget\"><h3 style=\"text-align: center;\"><span><strong><span><span style=\"color: #808080; font-size: xx-large;\"><span style=\"caret-color: #808080;\">Zugang<\/span>\u00a0zu Wissen schenken<\/span><br \/>\n<\/span><\/strong><span style=\"font-size: 18pt;\"><strong>Ausbildungskurse in biologisch-nachhaltiger Landwirtschaft<\/strong><\/span><\/span><\/h3>\n<p><img fetchpriority=\"high\" decoding=\"async\" class=\"aligncenter wp-image-8574\" src=\"https:\/\/www.nlo.at\/stage\/wp-content\/uploads\/2020\/08\/ausbildungskurse-header.jpg\" alt=\"\" width=\"803\" height=\"357\" srcset=\"https:\/\/www.nlo.at\/stage\/wp-content\/uploads\/2020\/08\/ausbildungskurse-header.jpg 900w, https:\/\/www.nlo.at\/stage\/wp-content\/uploads\/2020\/08\/ausbildungskurse-header-300x133.jpg 300w, https:\/\/www.nlo.at\/stage\/wp-content\/uploads\/2020\/08\/ausbildungskurse-header-768x341.jpg 768w\" sizes=\"(max-width: 803px) 100vw, 803px\" \/><\/p>\n<\/div><\/div><\/div><\/div><div id=\"pg-8555-2\"  class=\"panel-grid panel-no-style\" ><div id=\"pgc-8555-2-0\"  class=\"panel-grid-cell\" ><div id=\"panel-8555-2-0-0\" class=\"so-panel widget widget_black-studio-tinymce widget_black_studio_tinymce panel-first-child panel-last-child\" data-index=\"2\" ><div class=\"textwidget\"><p>F\u00fcr erfolgreiche Biolandwirtschaft braucht es Wissen: \u00fcber Boden- und Wassermanagement bis hin zur biologischen Sch\u00e4dlingskontrolle. Aus diesem Grund er\u00f6ffnete <a href=\"https:\/\/kilimo.org\/\">Sustainable Agriculture Tanzania<\/a> 2013 das erste <a href=\"https:\/\/kilimo.org\/farmer-training-centre\/\">Ausbildungszentrum<\/a> f\u00fcr biologisch-nachhaltige Landwirtschaft f\u00fcr Kleinb\u00e4uer*innen in Tansania. Neben den Schulungen direkt in den D\u00f6rfern der Kleinb\u00e4uer*innen findet somit auch auf einer 250 Hektar gro\u00dfen Biolandwirtschaft 20 Kilometer au\u00dferhalb der Stadt Morogoro praxisnahe Wissensvermittlung statt. In mittlerweile 14 unterschiedlichen Kursen, die meist f\u00fcnf Tage dauern, werden Kleinb\u00e4uer*innen, Mitarbeiter*innen anderer NGOs etc. in biologisch-nachhaltiger Landwirtschaft, Weiterverarbeitung von landwirtschaftlichen Produkten, nachhaltige Tierhaltung, Permakultur, Abfallmanagement etc. unterrichtet. Dar\u00fcber hinaus wird auf dem Gel\u00e4nde auch an neuen Anbaumethoden experimentiert und Forschung betrieben. <strong>SAT hat somit ein Kompetenzzentrum f\u00fcr biologisch-nachhaltige Landwirtschaft geschaffen, das neues Wissen schafft und dieses in Tansania, aber auch \u00fcber die Landesgrenzen hinaus verbreitet.<\/strong><\/p>\n<h3><span style=\"font-size: 18pt; color: #808080;\"><strong>Mit erworbenen Wissen zu einem stabilen Einkommen<\/strong><\/span><\/h3>\n<p>Kleinb\u00e4uer*innen, die als Teil der Projektaktivit\u00e4ten auch einen Kurs im Ausbildungszentrum besuchen, k\u00f6nnen mit dem erworbenen Wissen langfristig h\u00f6here Ertr\u00e4ge auf ihren Feldern erzielen und damit ein stabiles Einkommen erhalten. Dar\u00fcber hinaus entstehen positive Auswirkungen auf die Umwelt und es kommt zur Abschw\u00e4chung des Klimawandels. Durch den Kapazit\u00e4tsaufbau und SAT\u00b4s Ansatz, dass jede*r geschulte Bauer\/B\u00e4uerin das Wissen an andere weitergibt, werden die Kleinb\u00e4uer*innen selbst zu Akteur*innen des Wandels und verbreiten das Wissen \u00fcber nachhaltige Landwirtschaft weiter.<\/p>\n<blockquote><p>F\u00fcr uns ist es wichtig, die Teilnehmer*innen so effektiv wie m\u00f6glich in den Themen der biologisch-nachhaltigen Landwirtschaft auszubilden, sodass sie sp\u00e4ter die Anbaumethoden problemlos zu Hause umsetzen k\u00f6nnen. Deshalb legen wir gro\u00dfen Wert auf Professionalit\u00e4t sowie praktischen Unterricht.<\/p><\/blockquote>\n<p>Dass sich der Umstieg von konventioneller auf biologische Landwirtschaft f\u00fcr die Kleinb\u00e4uer*innen \u201eauszahlt\u201c, zeigen zahlreiche Erfahrungen aus den Projekten. So konnten die B\u00e4uer*nnen vom Programm \u201eGarten der Solidarit\u00e4t\u201c eine durchschnittliche Einkommenssteigerung von 38 Prozent in der 5-j\u00e4hrigen Programmlaufzeit erzielen. Neben der Reduktion der Kosten konnten durch Methoden der nachhaltigen Intensivierung (z.B. Fruchtfolge, Mischkultur und Gr\u00fcnd\u00fcngung) h\u00f6here Ertr\u00e4ge erzielt und zudem ausgelaugte B\u00f6den wieder fruchtbar gemacht werden.<\/p>\n<h3><span style=\"color: #808080;\"><strong><span style=\"font-size: 18pt;\">Ein Kompetenzzentrum f\u00fcr biologisch-nachhaltige Landwirtschaft<\/span><\/strong><\/span><\/h3>\n<p>Das Ausbildungszentrum betreibt neben den Schulungsaktivit\u00e4ten auch eine Biolandwirtschaft, um die Lehrinhalte praktisch vermitteln zu k\u00f6nnen. Auf dem Gel\u00e4nde werden unterschiedliche Feldfr\u00fcchte, Trockenfr\u00fcchte, Obstb\u00e4ume, Heilpflanzen etc. angebaut und Tiere f\u00fcr biologische Milch- und Eierproduktion gehalten. Immer wieder nutzen Student*innen der nahe gelegenen <a href=\"https:\/\/www.sua.ac.tz\/\">Sokoine Universit\u00e4t<\/a> das Gel\u00e4nde, um Forschungsarbeiten durchzuf\u00fchren und innovative Anbaumethoden zu testen.<\/p>\n<p>Die Finanzierung des Ausbildungszentrums setzt sich aus den durchgef\u00fchrten Kursen und verschiedenen gef\u00f6rderten Projekten zusammen, die auf dem Gel\u00e4nde stattfinden. S\u00e4mtliche Einnahmen, die auf der Farm entstehen, werden reinvestiert, um den Ausbildungsbetrieb weiterf\u00fchren und den Ausbau der Ausbildungszentrums weiter vorantreiben zu k\u00f6nnen. Das Ausbildungszentrum zielt auf eine finanzielle Unabh\u00e4ngigkeit ab, zurzeit decken die Einnahmen jedoch noch nicht ganz die Ausgaben. Deswegen ben\u00f6tigt SAT stetig Unterst\u00fctzer*innen, um notwendige Instandhaltungsarbeiten durchf\u00fchren zu k\u00f6nnen. Zudem gibt es immer wieder Kleinb\u00e4uer*innen, die an einem Kurs interessiert sind, aber nicht Teil von anderen SAT Projektaktivit\u00e4ten sind. Diesen kann durch Ihre Spende eine Kursteilnahme erm\u00f6glicht werden.<\/p>\n<p>Haben Sie Lust auf einen kleinen Einblick bekommen? Im folgenden Kurzvideo wird der 72-st\u00fcndige und international anerkannte <strong>Permakultur-Kurs<\/strong> vorgestellt.<\/p>\n<\/div><\/div><\/div><\/div><div id=\"pg-8555-3\"  class=\"panel-grid panel-no-style\" ><div id=\"pgc-8555-3-0\"  class=\"panel-grid-cell\" ><div id=\"panel-8555-3-0-0\" class=\"so-panel widget widget_black-studio-tinymce widget_black_studio_tinymce panel-first-child panel-last-child\" data-index=\"3\" ><div class=\"textwidget\"><p><div style=\"width: 960px;\" class=\"wp-video\"><!--[if lt IE 9]><script>document.createElement('video');<\/script><![endif]-->\n<video class=\"wp-video-shortcode\" id=\"video-8555-1\" width=\"960\" height=\"540\" preload=\"metadata\" controls=\"controls\"><source type=\"video\/mp4\" src=\"https:\/\/www.nlo.at\/stage\/wp-content\/uploads\/2020\/10\/SAT_Permaculture-Design-Course_German-Subtitles.mp4?_=1\" \/><a href=\"https:\/\/www.nlo.at\/stage\/wp-content\/uploads\/2020\/10\/SAT_Permaculture-Design-Course_German-Subtitles.mp4\">https:\/\/www.nlo.at\/stage\/wp-content\/uploads\/2020\/10\/SAT_Permaculture-Design-Course_German-Subtitles.mp4<\/a><\/video><\/div><\/p>\n<\/div><\/div><\/div><\/div><div id=\"pg-8555-4\"  class=\"panel-grid panel-has-style\" ><div class=\"siteorigin-panels-stretch panel-row-style panel-row-style-for-8555-4\" data-stretch-type=\"full\" ><div id=\"pgc-8555-4-0\"  class=\"panel-grid-cell\" ><div id=\"panel-8555-4-0-0\" class=\"so-panel widget widget_black-studio-tinymce widget_black_studio_tinymce panel-first-child panel-last-child\" data-index=\"4\" ><div class=\"textwidget\"><p><span style=\"color: #ffffff;\"><span class=\"clear\"><\/span><span class=\"greennature-space\" style=\"margin-top: 10px; display: block;\"><\/span><\/span><\/p>\n<p><span style=\"color: #ffffff;\"><strong><span style=\"font-size: 14pt;\">Was?<br \/>\n<\/span><\/strong><span style=\"font-size: 12pt;\"><strong>Finanzieren Sie Ausbildungskurse f\u00fcr Kleinb\u00e4uer*innen und kleinere Instandhaltungsarbeiten im SAT Ausbildungszentrum.<\/strong><\/span><\/span><\/p>\n<p><span style=\"color: #ffffff;\"><strong><span style=\"font-size: 14pt;\">Warum?<br \/>\n<\/span><\/strong><span style=\"font-size: 12pt;\"><strong>Mit dem erworbenen Wissen k\u00f6nnen Kleinb\u00e4uer*innen ihre Ertr\u00e4ge steigern und langfristig ein stabiles Einkommen generieren.<\/strong><\/span><\/span><\/p>\n<p><span style=\"color: #000000;\"><span style=\"color: #ffffff;\"><strong><span style=\"font-size: 14pt;\">Wie viel?<br \/>\n<\/span><\/strong><\/span><span style=\"font-size: 12pt;\"><strong><span style=\"color: #ffffff;\">Eine einw\u00f6chige Schulung kostet durchschnittlich 130 Euro, jedoch jeder Betrag hilft.<\/span> <\/strong><\/span><\/span><\/p>\n<\/div><\/div><\/div><div id=\"pgc-8555-4-1\"  class=\"panel-grid-cell\" ><div id=\"panel-8555-4-1-0\" class=\"so-panel widget widget_black-studio-tinymce widget_black_studio_tinymce panel-first-child panel-last-child\" data-index=\"5\" ><div class=\"textwidget\"><p><div id=\"attachment_8633\" style=\"width: 2570px\" class=\"wp-caption aligncenter\"><img decoding=\"async\" aria-describedby=\"caption-attachment-8633\" class=\"wp-image-8633 size-full\" src=\"https:\/\/www.nlo.at\/stage\/wp-content\/uploads\/2020\/08\/20190925_FTC_DWABI_17_HM-scaled.jpg\" alt=\"\" width=\"2560\" height=\"1707\" srcset=\"https:\/\/www.nlo.at\/stage\/wp-content\/uploads\/2020\/08\/20190925_FTC_DWABI_17_HM-scaled.jpg 2560w, https:\/\/www.nlo.at\/stage\/wp-content\/uploads\/2020\/08\/20190925_FTC_DWABI_17_HM-300x200.jpg 300w, https:\/\/www.nlo.at\/stage\/wp-content\/uploads\/2020\/08\/20190925_FTC_DWABI_17_HM-1024x683.jpg 1024w, https:\/\/www.nlo.at\/stage\/wp-content\/uploads\/2020\/08\/20190925_FTC_DWABI_17_HM-768x512.jpg 768w, https:\/\/www.nlo.at\/stage\/wp-content\/uploads\/2020\/08\/20190925_FTC_DWABI_17_HM-1536x1024.jpg 1536w, https:\/\/www.nlo.at\/stage\/wp-content\/uploads\/2020\/08\/20190925_FTC_DWABI_17_HM-2048x1365.jpg 2048w, https:\/\/www.nlo.at\/stage\/wp-content\/uploads\/2020\/08\/20190925_FTC_DWABI_17_HM-272x182.jpg 272w\" sizes=\"(max-width: 2560px) 100vw, 2560px\" \/><p id=\"caption-attachment-8633\" class=\"wp-caption-text\">Theoretischer Unterricht im SAT Ausbildungszentrum<\/p><\/div><\/p>\n<\/div><\/div><\/div><\/div><\/div><div id=\"pg-8555-5\"  class=\"panel-grid panel-no-style\" ><div id=\"pgc-8555-5-0\"  class=\"panel-grid-cell\" ><div id=\"panel-8555-5-0-0\" class=\"so-panel widget widget_black-studio-tinymce widget_black_studio_tinymce panel-first-child panel-last-child\" data-index=\"6\" ><div class=\"textwidget\"><p><a href=\"https:\/\/www.nlo.at\/stage\/spenden\/\"><img decoding=\"async\" class=\"aligncenter wp-image-8663 size-full\" src=\"https:\/\/www.nlo.at\/stage\/wp-content\/uploads\/2020\/08\/Buttons-f\u00fcr-NL_Jetzt-unterst\u00fctzen.png\" alt=\"Button: Jetzt unterst\u00fctzen\" width=\"271\" height=\"81\" \/><\/a><\/p>\n<\/div><\/div><\/div><\/div><div id=\"pg-8555-6\"  class=\"panel-grid panel-no-style\" ><div id=\"pgc-8555-6-0\"  class=\"panel-grid-cell\" ><div id=\"panel-8555-6-0-0\" class=\"so-panel widget widget_sow-simple-masonry panel-first-child panel-last-child\" data-index=\"7\" ><div\n\t\t\t\n\t\t\tclass=\"so-widget-sow-simple-masonry so-widget-sow-simple-masonry-default-d75171398898-8555\"\n\t\t\t\n\t\t>\n\n<div class=\"sow-masonry-grid\"\n\t data-layouts=\"{&quot;desktop&quot;:{&quot;numColumns&quot;:4,&quot;rowHeight&quot;:0,&quot;gutter&quot;:10},&quot;tablet&quot;:{&quot;breakPoint&quot;:768,&quot;numColumns&quot;:2,&quot;rowHeight&quot;:0,&quot;gutter&quot;:0},&quot;mobile&quot;:{&quot;breakPoint&quot;:480,&quot;numColumns&quot;:1,&quot;rowHeight&quot;:0,&quot;gutter&quot;:0}}\" data-layout-origin-left=\"true\" >\n\t\t\t\t<div class=\"sow-masonry-grid-item\" data-col-span=\"1\"\n\t\t\t     data-row-span=\"1\">\n\t\t\t\t\n\t\t\t\t\n\t\t\t\t<img loading=\"lazy\" decoding=\"async\" width=\"1000\" height=\"666\" src=\"https:\/\/www.nlo.at\/stage\/wp-content\/uploads\/2020\/08\/20190925_FTC_DWABI_06_HM_f\u00fcr-website.jpg\" class=\"sow-masonry-grid-image\" alt=\"Schulung zur Herstellung von Kompost\" title=\"Schulung zu Kompostierung\" srcset=\"https:\/\/www.nlo.at\/stage\/wp-content\/uploads\/2020\/08\/20190925_FTC_DWABI_06_HM_f\u00fcr-website.jpg 1000w, https:\/\/www.nlo.at\/stage\/wp-content\/uploads\/2020\/08\/20190925_FTC_DWABI_06_HM_f\u00fcr-website-300x200.jpg 300w, https:\/\/www.nlo.at\/stage\/wp-content\/uploads\/2020\/08\/20190925_FTC_DWABI_06_HM_f\u00fcr-website-768x511.jpg 768w, https:\/\/www.nlo.at\/stage\/wp-content\/uploads\/2020\/08\/20190925_FTC_DWABI_06_HM_f\u00fcr-website-272x182.jpg 272w\" sizes=\"(max-width: 1000px) 100vw, 1000px\" \/>\n\t\t\t\t\n\t\t\t\t\t\t\t<\/div>\n\t\t\t\t\t\t<div class=\"sow-masonry-grid-item\" data-col-span=\"2\"\n\t\t\t     data-row-span=\"2\">\n\t\t\t\t\n\t\t\t\t\n\t\t\t\t<img loading=\"lazy\" decoding=\"async\" width=\"1000\" height=\"667\" src=\"https:\/\/www.nlo.at\/stage\/wp-content\/uploads\/2020\/08\/20190926_FTC_DWABI_24_HM_f\u00fcr-web.jpg\" class=\"sow-masonry-grid-image\" alt=\"Schulungsteilnehmerinnen beim praktischen Unterricht\" title=\"\" srcset=\"https:\/\/www.nlo.at\/stage\/wp-content\/uploads\/2020\/08\/20190926_FTC_DWABI_24_HM_f\u00fcr-web.jpg 1000w, https:\/\/www.nlo.at\/stage\/wp-content\/uploads\/2020\/08\/20190926_FTC_DWABI_24_HM_f\u00fcr-web-300x200.jpg 300w, https:\/\/www.nlo.at\/stage\/wp-content\/uploads\/2020\/08\/20190926_FTC_DWABI_24_HM_f\u00fcr-web-768x512.jpg 768w, https:\/\/www.nlo.at\/stage\/wp-content\/uploads\/2020\/08\/20190926_FTC_DWABI_24_HM_f\u00fcr-web-272x182.jpg 272w\" sizes=\"(max-width: 1000px) 100vw, 1000px\" \/>\n\t\t\t\t\n\t\t\t\t\t\t\t<\/div>\n\t\t\t\t\t\t<div class=\"sow-masonry-grid-item\" data-col-span=\"1\"\n\t\t\t     data-row-span=\"1\">\n\t\t\t\t\n\t\t\t\t\n\t\t\t\t<img loading=\"lazy\" decoding=\"async\" width=\"1024\" height=\"683\" src=\"https:\/\/www.nlo.at\/stage\/wp-content\/uploads\/2020\/05\/20200229_Workshop-Agroforestry_067_HM.jpg\" class=\"sow-masonry-grid-image\" alt=\"Ein Teilnehmer schreibt auf einem Plakat\" title=\"Teilnehmer*innen bereiten Plakate vor\" srcset=\"https:\/\/www.nlo.at\/stage\/wp-content\/uploads\/2020\/05\/20200229_Workshop-Agroforestry_067_HM.jpg 1024w, https:\/\/www.nlo.at\/stage\/wp-content\/uploads\/2020\/05\/20200229_Workshop-Agroforestry_067_HM-300x200.jpg 300w, https:\/\/www.nlo.at\/stage\/wp-content\/uploads\/2020\/05\/20200229_Workshop-Agroforestry_067_HM-768x512.jpg 768w, https:\/\/www.nlo.at\/stage\/wp-content\/uploads\/2020\/05\/20200229_Workshop-Agroforestry_067_HM-272x182.jpg 272w\" sizes=\"(max-width: 1024px) 100vw, 1024px\" \/>\n\t\t\t\t\n\t\t\t\t\t\t\t<\/div>\n\t\t\t\t\t\t<div class=\"sow-masonry-grid-item\" data-col-span=\"2\"\n\t\t\t     data-row-span=\"1\">\n\t\t\t\t\n\t\t\t\t\n\t\t\t\t<img loading=\"lazy\" decoding=\"async\" width=\"999\" height=\"467\" src=\"https:\/\/www.nlo.at\/stage\/wp-content\/uploads\/2020\/08\/2020_FTC_farm-building-1.jpg\" class=\"sow-masonry-grid-image\" alt=\"Geb\u00e4ude vom SAT Ausbildungszentrum\" title=\"Geb\u00e4ude vom Ausbildungszentrum\" srcset=\"https:\/\/www.nlo.at\/stage\/wp-content\/uploads\/2020\/08\/2020_FTC_farm-building-1.jpg 999w, https:\/\/www.nlo.at\/stage\/wp-content\/uploads\/2020\/08\/2020_FTC_farm-building-1-300x140.jpg 300w, https:\/\/www.nlo.at\/stage\/wp-content\/uploads\/2020\/08\/2020_FTC_farm-building-1-768x359.jpg 768w\" sizes=\"(max-width: 999px) 100vw, 999px\" \/>\n\t\t\t\t\n\t\t\t\t\t\t\t<\/div>\n\t\t\t\t\t\t<div class=\"sow-masonry-grid-item\" data-col-span=\"2\"\n\t\t\t     data-row-span=\"1\">\n\t\t\t\t\n\t\t\t\t\n\t\t\t\t<img loading=\"lazy\" decoding=\"async\" width=\"1200\" height=\"800\" src=\"https:\/\/www.nlo.at\/stage\/wp-content\/uploads\/2020\/05\/20200301_Workshop-Agroforestry_83_HM.jpg\" class=\"sow-masonry-grid-image\" alt=\"Teilnehmerinnen stehen vor Setzlingen\" title=\"FPC Agrarforstwirtschaft Workshop 2020\" srcset=\"https:\/\/www.nlo.at\/stage\/wp-content\/uploads\/2020\/05\/20200301_Workshop-Agroforestry_83_HM.jpg 1200w, https:\/\/www.nlo.at\/stage\/wp-content\/uploads\/2020\/05\/20200301_Workshop-Agroforestry_83_HM-300x200.jpg 300w, https:\/\/www.nlo.at\/stage\/wp-content\/uploads\/2020\/05\/20200301_Workshop-Agroforestry_83_HM-1024x683.jpg 1024w, https:\/\/www.nlo.at\/stage\/wp-content\/uploads\/2020\/05\/20200301_Workshop-Agroforestry_83_HM-768x512.jpg 768w, https:\/\/www.nlo.at\/stage\/wp-content\/uploads\/2020\/05\/20200301_Workshop-Agroforestry_83_HM-272x182.jpg 272w\" sizes=\"(max-width: 1200px) 100vw, 1200px\" \/>\n\t\t\t\t\n\t\t\t\t\t\t\t<\/div>\n\t\t\t\t\t\t<div class=\"sow-masonry-grid-item\" data-col-span=\"1\"\n\t\t\t     data-row-span=\"1\">\n\t\t\t\t\n\t\t\t\t\n\t\t\t\t<img loading=\"lazy\" decoding=\"async\" width=\"1000\" height=\"667\" src=\"https:\/\/www.nlo.at\/stage\/wp-content\/uploads\/2020\/08\/20200229_Infrastructure-and-Units_14_HM_f\u00fcr-web.jpg\" class=\"sow-masonry-grid-image\" alt=\"Mitarbeiter des Ausbildungszentrums im Gew\u00e4chshaus\" title=\"Arbeiten im Gew\u00e4chshaus\" srcset=\"https:\/\/www.nlo.at\/stage\/wp-content\/uploads\/2020\/08\/20200229_Infrastructure-and-Units_14_HM_f\u00fcr-web.jpg 1000w, https:\/\/www.nlo.at\/stage\/wp-content\/uploads\/2020\/08\/20200229_Infrastructure-and-Units_14_HM_f\u00fcr-web-300x200.jpg 300w, https:\/\/www.nlo.at\/stage\/wp-content\/uploads\/2020\/08\/20200229_Infrastructure-and-Units_14_HM_f\u00fcr-web-768x512.jpg 768w, https:\/\/www.nlo.at\/stage\/wp-content\/uploads\/2020\/08\/20200229_Infrastructure-and-Units_14_HM_f\u00fcr-web-272x182.jpg 272w\" sizes=\"(max-width: 1000px) 100vw, 1000px\" \/>\n\t\t\t\t\n\t\t\t\t\t\t\t<\/div>\n\t\t\t\t\t\t<div class=\"sow-masonry-grid-item\" data-col-span=\"1\"\n\t\t\t     data-row-span=\"1\">\n\t\t\t\t\n\t\t\t\t\n\t\t\t\t<img loading=\"lazy\" decoding=\"async\" width=\"1000\" height=\"667\" src=\"https:\/\/www.nlo.at\/stage\/wp-content\/uploads\/2020\/08\/20190926_Infrastructure-and-Units_06_HM_f\u00fcr-web.jpg\" class=\"sow-masonry-grid-image\" alt=\"Mitarbeiter des Ausbildungszentrum auf einem Traktor\" title=\"\" srcset=\"https:\/\/www.nlo.at\/stage\/wp-content\/uploads\/2020\/08\/20190926_Infrastructure-and-Units_06_HM_f\u00fcr-web.jpg 1000w, https:\/\/www.nlo.at\/stage\/wp-content\/uploads\/2020\/08\/20190926_Infrastructure-and-Units_06_HM_f\u00fcr-web-300x200.jpg 300w, https:\/\/www.nlo.at\/stage\/wp-content\/uploads\/2020\/08\/20190926_Infrastructure-and-Units_06_HM_f\u00fcr-web-768x512.jpg 768w, https:\/\/www.nlo.at\/stage\/wp-content\/uploads\/2020\/08\/20190926_Infrastructure-and-Units_06_HM_f\u00fcr-web-272x182.jpg 272w\" sizes=\"(max-width: 1000px) 100vw, 1000px\" \/>\n\t\t\t\t\n\t\t\t\t\t\t\t<\/div>\n\t\t\t\n<\/div>\n<\/div><\/div><\/div><\/div><\/div>","protected":false},"excerpt":{"rendered":"<p>Kleinb\u00e4uer*innen, die als Teil der Projektaktivit\u00e4ten auch einen Kurs im Ausbildungszentrum besuchen, k\u00f6nnen mit dem erworbenen Wissen langfristig h\u00f6here Ertr\u00e4ge auf ihren Feldern erzielen und damit ein stabiles Einkommen erhalten. Dar\u00fcber hinaus entstehen positive Auswirkungen auf die Umwelt und es kommt zur Abschw\u00e4chung des Klimawandels. Durch den Kapazit\u00e4tsaufbau und SAT\u00b4s Ansatz, dass jede*r geschulte Bauer\/B\u00e4uerin das Wissen an andere weitergibt, werden die Kleinb\u00e4uer*innen selbst zu Akteur*innen des Wandels und verbreiten das Wissen \u00fcber nachhaltige Landwirtschaft weiter.<\/p>\n","protected":false},"author":1,"featured_media":0,"parent":0,"menu_order":0,"comment_status":"closed","ping_status":"closed","template":"","meta":{"_monsterinsights_skip_tracking":false,"_monsterinsights_sitenote_active":false,"_monsterinsights_sitenote_note":"","_monsterinsights_sitenote_category":0,"footnotes":""},"class_list":["post-8555","page","type-page","status-publish","hentry"],"_links":{"self":[{"href":"https:\/\/www.nlo.at\/stage\/wp-json\/wp\/v2\/pages\/8555"}],"collection":[{"href":"https:\/\/www.nlo.at\/stage\/wp-json\/wp\/v2\/pages"}],"about":[{"href":"https:\/\/www.nlo.at\/stage\/wp-json\/wp\/v2\/types\/page"}],"author":[{"embeddable":true,"href":"https:\/\/www.nlo.at\/stage\/wp-json\/wp\/v2\/users\/1"}],"replies":[{"embeddable":true,"href":"https:\/\/www.nlo.at\/stage\/wp-json\/wp\/v2\/comments?post=8555"}],"version-history":[{"count":153,"href":"https:\/\/www.nlo.at\/stage\/wp-json\/wp\/v2\/pages\/8555\/revisions"}],"predecessor-version":[{"id":9432,"href":"https:\/\/www.nlo.at\/stage\/wp-json\/wp\/v2\/pages\/8555\/revisions\/9432"}],"wp:attachment":[{"href":"https:\/\/www.nlo.at\/stage\/wp-json\/wp\/v2\/media?parent=8555"}],"curies":[{"name":"wp","href":"https:\/\/api.w.org\/{rel}","templated":true}]}}