{"id":8672,"date":"2020-08-07T15:13:35","date_gmt":"2020-08-07T13:13:35","guid":{"rendered":"https:\/\/www.nlo.at\/stage\/?page_id=8672"},"modified":"2020-12-06T14:15:28","modified_gmt":"2020-12-06T13:15:28","slug":"baeume-kaufen-und-klima-schuetzen","status":"publish","type":"page","link":"https:\/\/www.nlo.at\/stage\/baeume-kaufen-und-klima-schuetzen\/","title":{"rendered":"B\u00e4ume kaufen und Klima sch\u00fctzen"},"content":{"rendered":"<div id=\"pl-8672\"  class=\"panel-layout\" ><div id=\"pg-8672-0\"  class=\"panel-grid panel-no-style\" ><div id=\"pgc-8672-0-0\"  class=\"panel-grid-cell\" ><div id=\"panel-8672-0-0-0\" class=\"so-panel widget widget_text panel-first-child panel-last-child\" data-index=\"0\" >\t\t\t<div class=\"textwidget\"><span class=\"\" style=\"display:block;clear:both;height: 0px;padding-top: 30px;border-top-width:0px;border-bottom-width:0px;\"><\/span>\n<\/div>\n\t\t<\/div><\/div><\/div><div id=\"pg-8672-1\"  class=\"panel-grid panel-no-style\" ><div id=\"pgc-8672-1-0\"  class=\"panel-grid-cell\" ><div id=\"panel-8672-1-0-0\" class=\"so-panel widget widget_black-studio-tinymce widget_black_studio_tinymce panel-first-child panel-last-child\" data-index=\"1\" ><div class=\"panel-widget-style panel-widget-style-for-8672-1-0-0\" ><div class=\"textwidget\"><h2 style=\"text-align: center;\"><strong><span style=\"color: #808080; font-size: 24pt;\">FairCarbon4Us<\/span><\/strong><br \/>\n<strong><span style=\"color: #808080;\">Durch die Finanzierung von B\u00e4umen Klima sch\u00fctzen<\/span><\/strong><\/h2>\n<p><img fetchpriority=\"high\" decoding=\"async\" class=\"aligncenter size-full wp-image-8679\" src=\"https:\/\/www.nlo.at\/stage\/wp-content\/uploads\/2020\/08\/abdalla-kibuana-watering_CAT7268_f\u00fcr-website.jpg\" alt=\"Bauer gie\u00dft Baumsetzlinge\" width=\"800\" height=\"400\" srcset=\"https:\/\/www.nlo.at\/stage\/wp-content\/uploads\/2020\/08\/abdalla-kibuana-watering_CAT7268_f\u00fcr-website.jpg 800w, https:\/\/www.nlo.at\/stage\/wp-content\/uploads\/2020\/08\/abdalla-kibuana-watering_CAT7268_f\u00fcr-website-300x150.jpg 300w, https:\/\/www.nlo.at\/stage\/wp-content\/uploads\/2020\/08\/abdalla-kibuana-watering_CAT7268_f\u00fcr-website-768x384.jpg 768w\" sizes=\"(max-width: 800px) 100vw, 800px\" \/><\/p>\n<\/div><\/div><\/div><\/div><\/div><div id=\"pg-8672-2\"  class=\"panel-grid panel-no-style\" ><div id=\"pgc-8672-2-0\"  class=\"panel-grid-cell\" ><div id=\"panel-8672-2-0-0\" class=\"so-panel widget widget_black-studio-tinymce widget_black_studio_tinymce panel-first-child panel-last-child\" data-index=\"2\" ><div class=\"textwidget\"><p>Unsere CO<sub>2 <\/sub>Emissionen tragen ma\u00dfgeblich zum Klimawandel bei. Die H\u00f6he der Emissionen ist jedoch weltweit sehr ungleich verteilt. So zeigen Daten der <a href=\"https:\/\/data.worldbank.org\/indicator\/EN.ATM.CO2E.PC\">Weltbank<\/a> von 2014, dass in \u00d6sterreich jede Person pro Jahr durchschnittlich 6,9 Tonnen CO<sub>2<\/sub> verursacht, wohingegen es in Tansania lediglich 0,2 Tonnen pro Person sind. Durch eine bewusste, nachhaltige Lebensweise k\u00f6nnen CO<sub>2 <\/sub>Emissionen verringert werden, es wird aber immer ein Teil bestehen bleiben. Aus diesem Grund hat sich <a href=\"http:\/\/www.kilimo.org\">Sustainable Agriculture Tanzania<\/a> ein CO<sub>2 <\/sub>Sequestrierungsprojekt \u00fcberlegt.<\/p>\n<h3><span style=\"font-size: 18pt; color: #808080;\"><strong>Ein Baum, viele positive Auswirkungen<br \/>\n<\/strong><\/span><\/h3>\n<p><a href=\"https:\/\/kilimo.org\/faircarbon4us\/\">FairCarbon4Us<\/a> erm\u00f6glicht Kohlenstoffsequestrierung f\u00fcr Privatpersonen, Organisationen und Firmen. Durch die Finanzierung von B\u00e4umen erhalten Kleinb\u00e4uer*innen Schulungen sowie eine Aufwandsentsch\u00e4digung f\u00fcr das Pflanzen und Betreuen der B\u00e4ume. Die ausgew\u00e4hlten B\u00e4ume verbessern die Bodenqualit\u00e4t und erh\u00f6hen die Biodiversit\u00e4t. Dar\u00fcber hinaus erhalten die Kleinb\u00e4uer*innen eine zus\u00e4tzliche Einkommensquellen. FairCarbon4Us vereint somit sozio\u00f6konomische Entwicklung, die Regenerierung von Biodiversit\u00e4t und Abschw\u00e4chung des Klimawandels.<\/p>\n<p>Im Projekt werden <strong>drei unterschiedliche Arten von B\u00e4umen gepflanzt, die einen jeweils eigenen Nutzen haben<\/strong>:<br \/>\n1. \"Food forests\": Kleinb\u00e4uer*innen pflanzen Obstb\u00e4ume wie zum Beispiel Mango- oder Papayab\u00e4ume. Sie k\u00f6nnen die Fr\u00fcchte essen und den \u00dcberschuss am Markt verkaufen. Andere Baumarten dienen der Versorgung der Tiere, der Erzeugung von Feuerholz oder dienen medizinischen Zwecken.<br \/>\n2. Gew\u00fcrzb\u00e4ume: Kleinb\u00e4uer*innen pflanzen Gew\u00fcrzb\u00e4ume (Pfeffer, Zimt, Nelken etc.), da sie auf dem heimischen sowie internationalen Markt hohe Preise erzielen. Sie sind somit eine wertvolle Einkommensquelle und integriert in ein Agrarforstwirtschaftsystem haben sie positive Auswirkungen auf andere Pflanzen.<br \/>\n3. B\u00e4ume f\u00fcr Feuerholz: Kleinb\u00e4uer*innen erzeugen nachhaltig Feuerholz, indem sie lediglich die Zweige der Gliricidia Sepium B\u00e4ume abschneiden.<\/p>\n<h3><span style=\"color: #808080;\"><strong><span style=\"font-size: 18pt;\">Pl\u00e4ne f\u00fcr die Zukunft<br \/>\n<\/span><\/strong><\/span><\/h3>\n<p>SAT w\u00fcrde in Zukunft gerne mit seinem Projekt Emissionszertifikate anbieten. Daf\u00fcr sind aber noch Forschungen n\u00f6tig, um die positiven Auswirkungen von FairCarbon4Us auf Mensch und Umwelt zu quantifizieren. Bisherige Studien haben gezeigt, dass einfach eine gro\u00dfe Zahl an B\u00e4umen zu pflanzen, nicht unbedingt positive Resultate erzielt und keineswegs eine nachhaltige L\u00f6sung darstellt. Es geht auch darum, welcher Baum in welcher Umgebung gepflanzt wird. Wenn Sie jetzt einen Baum kaufen, unterst\u00fctzen Sie somit nicht nur Kleinb\u00e4uer*innen und Klimaschutz, sondern auch die Weiterentwicklung des Projekts als Ganzes.<\/p>\n<p><strong>Ein Baum kostet 6 Euro:<\/strong><\/p>\n<ul>\n<li>2 Euro gehen direkt an den Kleinbauern\/die Kleinb\u00e4uerin f\u00fcr ihre Arbeitsleistung (Pflanzen und Aufziehen der B\u00e4ume).<\/li>\n<li>2 Euro werden f\u00fcr Schulungen verwendet, wie zum Beispiel Baumschulenmanagement oder Ungezieferkontrolle.<\/li>\n<li>2 Euro gehen an Monitoring und Evaluierung des Projekts. So wird sichergestellt, dass die B\u00e4ume wirklich gepflanzt werden und es ihnen gut geht!<\/li>\n<\/ul>\n<\/div><\/div><\/div><\/div><div id=\"pg-8672-3\"  class=\"panel-grid panel-has-style\" ><div class=\"siteorigin-panels-stretch panel-row-style panel-row-style-for-8672-3\" data-stretch-type=\"full\" ><div id=\"pgc-8672-3-0\"  class=\"panel-grid-cell\" ><div id=\"panel-8672-3-0-0\" class=\"so-panel widget widget_black-studio-tinymce widget_black_studio_tinymce panel-first-child panel-last-child\" data-index=\"3\" ><div class=\"textwidget\"><p><span style=\"color: #ffffff;\"><span class=\"clear\"><\/span><span class=\"greennature-space\" style=\"margin-top: 10px; display: block;\"><\/span><\/span><\/p>\n<p><span style=\"color: #ffffff;\"><strong>Was?<br \/>\n<\/strong><strong>Finanzieren Sie B\u00e4ume, um Ihre CO<sub>2<\/sub> Emissionen auszugleichen.<br \/>\n<\/strong><\/span><\/p>\n<p><span style=\"color: #ffffff;\"><strong>Warum?<br \/>\n<\/strong><strong>Durch das Anpflanzen von B\u00e4umen erhalten Kleinb\u00e4uer*innen ein zus\u00e4tzliches Einkommen, die Biodiversit\u00e4t wird erh\u00f6ht und der Klimawandel abgeschw\u00e4cht.<br \/>\n<\/strong><\/span><\/p>\n<p><span style=\"color: #ffffff;\"><strong>Wie viel?<br \/>\n<\/strong><strong><span style=\"color: #ffffff;\">Ein Baum kostet 6,- Euro*. 2,- Euro gehen direkt an den Bauern\/die B\u00e4uerin,<\/span><br \/>\n<span style=\"color: #ffffff;\">2,- werden f\u00fcr Schulungen und 2,- f\u00fcr Monitoring und Evaluierung verwendet.<\/span><br \/>\n<span style=\"font-size: 10pt;\"><span style=\"color: #ffffff;\">*Auf der <a style=\"color: #ffffff;\" href=\"https:\/\/kilimo.org\/faircarbon4us\/\"><em>website von SAT<\/em><\/a> finden Sie 6,- USD als Preis, der Einfachheit halber haben wir diesen Bet<\/span>rag aufgerundet.<\/span><\/strong><\/span><\/p>\n<\/div><\/div><\/div><div id=\"pgc-8672-3-1\"  class=\"panel-grid-cell\" ><div id=\"panel-8672-3-1-0\" class=\"so-panel widget widget_black-studio-tinymce widget_black_studio_tinymce panel-first-child panel-last-child\" data-index=\"4\" ><div class=\"textwidget\"><p><div id=\"attachment_8697\" style=\"width: 310px\" class=\"wp-caption aligncenter\"><img decoding=\"async\" aria-describedby=\"caption-attachment-8697\" class=\"wp-image-8697 size-medium\" src=\"https:\/\/www.nlo.at\/stage\/wp-content\/uploads\/2020\/08\/insta-300x300.jpg\" alt=\"Kleinbauer mti Baumsetzling\" width=\"300\" height=\"300\" srcset=\"https:\/\/www.nlo.at\/stage\/wp-content\/uploads\/2020\/08\/insta-300x300.jpg 300w, https:\/\/www.nlo.at\/stage\/wp-content\/uploads\/2020\/08\/insta-150x150.jpg 150w, https:\/\/www.nlo.at\/stage\/wp-content\/uploads\/2020\/08\/insta-768x768.jpg 768w, https:\/\/www.nlo.at\/stage\/wp-content\/uploads\/2020\/08\/insta-400x400.jpg 400w, https:\/\/www.nlo.at\/stage\/wp-content\/uploads\/2020\/08\/insta.jpg 810w\" sizes=\"(max-width: 300px) 100vw, 300px\" \/><p id=\"caption-attachment-8697\" class=\"wp-caption-text\">Kleinbauer mit einem Baumsetzling<\/p><\/div><\/p>\n<\/div><\/div><\/div><\/div><\/div><div id=\"pg-8672-4\"  class=\"panel-grid panel-no-style\" ><div id=\"pgc-8672-4-0\"  class=\"panel-grid-cell\" ><div id=\"panel-8672-4-0-0\" class=\"so-panel widget widget_black-studio-tinymce widget_black_studio_tinymce panel-first-child panel-last-child\" data-index=\"5\" ><div class=\"textwidget\"><p><a href=\"https:\/\/www.nlo.at\/stage\/spenden\/\"><img decoding=\"async\" class=\"aligncenter wp-image-8663 size-full\" src=\"https:\/\/www.nlo.at\/stage\/wp-content\/uploads\/2020\/08\/Buttons-f\u00fcr-NL_Jetzt-unterst\u00fctzen.png\" alt=\"Button: Jetzt unterst\u00fctzen\" width=\"271\" height=\"81\" \/><\/a><\/p>\n<\/div><\/div><\/div><\/div><div id=\"pg-8672-5\"  class=\"panel-grid panel-no-style\" ><div id=\"pgc-8672-5-0\"  class=\"panel-grid-cell\" ><div id=\"panel-8672-5-0-0\" class=\"so-panel widget widget_sow-simple-masonry panel-first-child panel-last-child\" data-index=\"6\" ><div\n\t\t\t\n\t\t\tclass=\"so-widget-sow-simple-masonry so-widget-sow-simple-masonry-default-d75171398898-8672\"\n\t\t\t\n\t\t>\n\n<div class=\"sow-masonry-grid\"\n\t data-layouts=\"{&quot;desktop&quot;:{&quot;numColumns&quot;:4,&quot;rowHeight&quot;:0,&quot;gutter&quot;:10},&quot;tablet&quot;:{&quot;breakPoint&quot;:768,&quot;numColumns&quot;:2,&quot;rowHeight&quot;:0,&quot;gutter&quot;:0},&quot;mobile&quot;:{&quot;breakPoint&quot;:480,&quot;numColumns&quot;:1,&quot;rowHeight&quot;:0,&quot;gutter&quot;:0}}\" data-layout-origin-left=\"true\" >\n\t\t\t\t<div class=\"sow-masonry-grid-item\" data-col-span=\"2\"\n\t\t\t     data-row-span=\"2\">\n\t\t\t\t\n\t\t\t\t\n\t\t\t\t<img loading=\"lazy\" decoding=\"async\" width=\"1000\" height=\"667\" src=\"https:\/\/www.nlo.at\/stage\/wp-content\/uploads\/2020\/08\/20190821_USP_Kinole_04_AN_f\u00fcr-web.jpg\" class=\"sow-masonry-grid-image\" alt=\"Kleinb\u00e4uer*innen mit Setzlingen\" title=\"Kleinb\u00e4uer*innen mit Setzlingen\" srcset=\"https:\/\/www.nlo.at\/stage\/wp-content\/uploads\/2020\/08\/20190821_USP_Kinole_04_AN_f\u00fcr-web.jpg 1000w, https:\/\/www.nlo.at\/stage\/wp-content\/uploads\/2020\/08\/20190821_USP_Kinole_04_AN_f\u00fcr-web-300x200.jpg 300w, https:\/\/www.nlo.at\/stage\/wp-content\/uploads\/2020\/08\/20190821_USP_Kinole_04_AN_f\u00fcr-web-768x512.jpg 768w, https:\/\/www.nlo.at\/stage\/wp-content\/uploads\/2020\/08\/20190821_USP_Kinole_04_AN_f\u00fcr-web-272x182.jpg 272w\" sizes=\"(max-width: 1000px) 100vw, 1000px\" \/>\n\t\t\t\t\n\t\t\t\t\t\t\t<\/div>\n\t\t\t\t\t\t<div class=\"sow-masonry-grid-item\" data-col-span=\"1\"\n\t\t\t     data-row-span=\"1\">\n\t\t\t\t\n\t\t\t\t\n\t\t\t\t<img loading=\"lazy\" decoding=\"async\" width=\"2560\" height=\"1700\" src=\"https:\/\/www.nlo.at\/stage\/wp-content\/uploads\/2020\/08\/chagua-kibuana-hands-profile-3301-scaled.jpg\" class=\"sow-masonry-grid-image\" alt=\"Hand h\u00e4lt Setzling\" title=\"Hand h\u00e4lt Setzling\" srcset=\"https:\/\/www.nlo.at\/stage\/wp-content\/uploads\/2020\/08\/chagua-kibuana-hands-profile-3301-scaled.jpg 2560w, https:\/\/www.nlo.at\/stage\/wp-content\/uploads\/2020\/08\/chagua-kibuana-hands-profile-3301-300x199.jpg 300w, https:\/\/www.nlo.at\/stage\/wp-content\/uploads\/2020\/08\/chagua-kibuana-hands-profile-3301-1024x680.jpg 1024w, https:\/\/www.nlo.at\/stage\/wp-content\/uploads\/2020\/08\/chagua-kibuana-hands-profile-3301-768x510.jpg 768w, https:\/\/www.nlo.at\/stage\/wp-content\/uploads\/2020\/08\/chagua-kibuana-hands-profile-3301-1536x1020.jpg 1536w, https:\/\/www.nlo.at\/stage\/wp-content\/uploads\/2020\/08\/chagua-kibuana-hands-profile-3301-2048x1360.jpg 2048w, https:\/\/www.nlo.at\/stage\/wp-content\/uploads\/2020\/08\/chagua-kibuana-hands-profile-3301-272x182.jpg 272w\" sizes=\"(max-width: 2560px) 100vw, 2560px\" \/>\n\t\t\t\t\n\t\t\t\t\t\t\t<\/div>\n\t\t\t\t\t\t<div class=\"sow-masonry-grid-item\" data-col-span=\"1\"\n\t\t\t     data-row-span=\"1\">\n\t\t\t\t\n\t\t\t\t\n\t\t\t\t<img loading=\"lazy\" decoding=\"async\" width=\"1080\" height=\"1080\" src=\"https:\/\/www.nlo.at\/stage\/wp-content\/uploads\/2020\/08\/spice-seedlings.jpg\" class=\"sow-masonry-grid-image\" alt=\"Kleinbauer sitzt zwischen Setzlingen\" title=\"Kleinbauer sitzt zwischen Setzlingen\" srcset=\"https:\/\/www.nlo.at\/stage\/wp-content\/uploads\/2020\/08\/spice-seedlings.jpg 1080w, https:\/\/www.nlo.at\/stage\/wp-content\/uploads\/2020\/08\/spice-seedlings-300x300.jpg 300w, https:\/\/www.nlo.at\/stage\/wp-content\/uploads\/2020\/08\/spice-seedlings-1024x1024.jpg 1024w, https:\/\/www.nlo.at\/stage\/wp-content\/uploads\/2020\/08\/spice-seedlings-150x150.jpg 150w, https:\/\/www.nlo.at\/stage\/wp-content\/uploads\/2020\/08\/spice-seedlings-768x768.jpg 768w, https:\/\/www.nlo.at\/stage\/wp-content\/uploads\/2020\/08\/spice-seedlings-400x400.jpg 400w\" sizes=\"(max-width: 1080px) 100vw, 1080px\" \/>\n\t\t\t\t\n\t\t\t\t\t\t\t<\/div>\n\t\t\t\t\t\t<div class=\"sow-masonry-grid-item\" data-col-span=\"2\"\n\t\t\t     data-row-span=\"1\">\n\t\t\t\t\n\t\t\t\t\n\t\t\t\t<img loading=\"lazy\" decoding=\"async\" width=\"1000\" height=\"667\" src=\"https:\/\/www.nlo.at\/stage\/wp-content\/uploads\/2020\/08\/20191029_FTC_Infrastructure-and-Units_07_HM_f\u00fcr-web.jpg\" class=\"sow-masonry-grid-image\" alt=\"Baumsetzlinge im Ausbildungszentrum\" title=\"Baumsetzlinge im Ausbildungszentrum\" srcset=\"https:\/\/www.nlo.at\/stage\/wp-content\/uploads\/2020\/08\/20191029_FTC_Infrastructure-and-Units_07_HM_f\u00fcr-web.jpg 1000w, https:\/\/www.nlo.at\/stage\/wp-content\/uploads\/2020\/08\/20191029_FTC_Infrastructure-and-Units_07_HM_f\u00fcr-web-300x200.jpg 300w, https:\/\/www.nlo.at\/stage\/wp-content\/uploads\/2020\/08\/20191029_FTC_Infrastructure-and-Units_07_HM_f\u00fcr-web-768x512.jpg 768w, https:\/\/www.nlo.at\/stage\/wp-content\/uploads\/2020\/08\/20191029_FTC_Infrastructure-and-Units_07_HM_f\u00fcr-web-272x182.jpg 272w\" sizes=\"(max-width: 1000px) 100vw, 1000px\" \/>\n\t\t\t\t\n\t\t\t\t\t\t\t<\/div>\n\t\t\t\n<\/div>\n<\/div><\/div><\/div><\/div><\/div>","protected":false},"excerpt":{"rendered":"<p>FairCarbon4Us erm\u00f6glicht Kohlenstoffsequestrierung f\u00fcr Privatpersonen, Organisationen und Firmen. Durch den Kauf von B\u00e4umen erhalten Kleinb\u00e4uer*innen Schulungen sowie eine Aufwandsentsch\u00e4digung f\u00fcr das Pflanzen und Betreuen der B\u00e4ume. Die ausgew\u00e4hlten B\u00e4ume verbessern die Bodenqualit\u00e4t und erh\u00f6hen die Biodiversit\u00e4t. Dar\u00fcber hinaus erhalten die Kleinb\u00e4uer*innen eine zus\u00e4tzliche Einkommensquellen. FairCarbon4Us vereint somit sozio\u00f6konomische Entwicklung, die Regenerierung von Biodiversit\u00e4t und Abschw\u00e4chung des Klimawandels.<\/p>\n","protected":false},"author":1,"featured_media":0,"parent":0,"menu_order":0,"comment_status":"closed","ping_status":"closed","template":"","meta":{"_monsterinsights_skip_tracking":false,"_monsterinsights_sitenote_active":false,"_monsterinsights_sitenote_note":"","_monsterinsights_sitenote_category":0,"footnotes":""},"class_list":["post-8672","page","type-page","status-publish","hentry"],"_links":{"self":[{"href":"https:\/\/www.nlo.at\/stage\/wp-json\/wp\/v2\/pages\/8672"}],"collection":[{"href":"https:\/\/www.nlo.at\/stage\/wp-json\/wp\/v2\/pages"}],"about":[{"href":"https:\/\/www.nlo.at\/stage\/wp-json\/wp\/v2\/types\/page"}],"author":[{"embeddable":true,"href":"https:\/\/www.nlo.at\/stage\/wp-json\/wp\/v2\/users\/1"}],"replies":[{"embeddable":true,"href":"https:\/\/www.nlo.at\/stage\/wp-json\/wp\/v2\/comments?post=8672"}],"version-history":[{"count":91,"href":"https:\/\/www.nlo.at\/stage\/wp-json\/wp\/v2\/pages\/8672\/revisions"}],"predecessor-version":[{"id":9392,"href":"https:\/\/www.nlo.at\/stage\/wp-json\/wp\/v2\/pages\/8672\/revisions\/9392"}],"wp:attachment":[{"href":"https:\/\/www.nlo.at\/stage\/wp-json\/wp\/v2\/media?parent=8672"}],"curies":[{"name":"wp","href":"https:\/\/api.w.org\/{rel}","templated":true}]}}