{"id":8937,"date":"2020-08-07T17:15:47","date_gmt":"2020-08-07T15:15:47","guid":{"rendered":"https:\/\/www.nlo.at\/stage\/?page_id=8937"},"modified":"2022-12-08T12:46:50","modified_gmt":"2022-12-08T11:46:50","slug":"allgemeine-spende","status":"publish","type":"page","link":"https:\/\/www.nlo.at\/stage\/allgemeine-spende\/","title":{"rendered":"Allgemeine Spende"},"content":{"rendered":"<div id=\"pl-8937\"  class=\"panel-layout\" ><div id=\"pg-8937-0\"  class=\"panel-grid panel-no-style\" ><div id=\"pgc-8937-0-0\"  class=\"panel-grid-cell\" ><div id=\"panel-8937-0-0-0\" class=\"so-panel widget widget_text panel-first-child panel-last-child\" data-index=\"0\" >\t\t\t<div class=\"textwidget\"><span class=\"\" style=\"display:block;clear:both;height: 0px;padding-top: 30px;border-top-width:0px;border-bottom-width:0px;\"><\/span>\n<\/div>\n\t\t<\/div><\/div><\/div><div id=\"pg-8937-1\"  class=\"panel-grid panel-no-style\" ><div id=\"pgc-8937-1-0\"  class=\"panel-grid-cell\" ><div id=\"panel-8937-1-0-0\" class=\"so-panel widget widget_black-studio-tinymce widget_black_studio_tinymce panel-first-child panel-last-child\" data-index=\"1\" ><div class=\"textwidget\"><h2 style=\"text-align: center;\"><span style=\"color: #808080;\"><strong><span style=\"font-size: 24pt;\">Allgemeine Spende<\/span><\/strong><\/span><\/h2>\n<p>Wir freuen uns immer auch \u00fcber allgemeine (ungewidmete) Spenden, da wir mit diesen die Verwaltungsausgaben der NLO in Vorarlberg decken k\u00f6nnen. Als ehrenamtlicher Verein sind die Ausgaben vergleichsweise niedrig, im Schnitt 1.000,- Euro pro Jahr.<\/p>\n<p>Die restlichen allgemeinen Spenden werden an <a href=\"http:\/\/www.kilimo.org\">Sustainable Agriculture Tanzania<\/a> weitergeleitet. Sie tragen wesentlich zum Fortbestehen der NGO bei, denn der Vorteil von ungewidmeten Spenden ist, dass diese sehr flexibel eingesetzt werden k\u00f6nnen, je nach dem wo gerade eine zus\u00e4tzliche Ausgabe anf\u00e4llt.<\/p>\n<p>Zur Information: Damit Ihre Spende in \u00d6sterreich steuerlich als Sonderausgabe abzugsf\u00e4hig ist, m\u00fcssen Sie im Feld<span class=\"Apple-converted-space\">\u00a0 <\/span>Verwendungszweck (Online-Banking) oder im Notizfeld (PayPal\/Kreditkarte) Ihren Vornamen, Nachnamen und das Geburtsdatum<span class=\"Apple-converted-space\">\u00a0 <\/span>angeben.<\/p>\n<p><a href=\"https:\/\/www.nlo.at\/stage\/spenden\/\"><img decoding=\"async\" class=\"aligncenter wp-image-8663\" src=\"https:\/\/www.nlo.at\/stage\/wp-content\/uploads\/2020\/08\/Buttons-f\u00fcr-NL_Jetzt-unterst\u00fctzen.png\" alt=\"Button: Jetzt unterst\u00fctzen\" width=\"200\" height=\"60\" \/><\/a><\/p>\n<\/div><\/div><\/div><div id=\"pgc-8937-1-1\"  class=\"panel-grid-cell\" ><div id=\"panel-8937-1-1-0\" class=\"so-panel widget widget_black-studio-tinymce widget_black_studio_tinymce panel-first-child\" data-index=\"2\" ><div class=\"textwidget\"><p><span class=\"\" style=\"display:block;clear:both;height: 0px;padding-top: 15px;border-top-width:0px;border-bottom-width:0px;\"><\/span><\/p>\n<\/div><\/div><div id=\"panel-8937-1-1-1\" class=\"so-panel widget widget_mc4wp_form_widget panel-last-child\" data-index=\"3\" ><h3 class=\"widget-title\">Bleiben Sie auf dem Laufenden und melden Sie sich f\u00fcr unseren Newsletter an:<\/h3><script>(function() {\n\twindow.mc4wp = window.mc4wp || {\n\t\tlisteners: [],\n\t\tforms: {\n\t\t\ton: function(evt, cb) {\n\t\t\t\twindow.mc4wp.listeners.push(\n\t\t\t\t\t{\n\t\t\t\t\t\tevent   : evt,\n\t\t\t\t\t\tcallback: cb\n\t\t\t\t\t}\n\t\t\t\t);\n\t\t\t}\n\t\t}\n\t}\n})();\n<\/script><!-- Mailchimp for WordPress v4.9.17 - https:\/\/wordpress.org\/plugins\/mailchimp-for-wp\/ --><form id=\"mc4wp-form-1\" class=\"mc4wp-form mc4wp-form-7525\" method=\"post\" data-id=\"7525\" data-name=\"\" ><div class=\"mc4wp-form-fields\"><p>\r\n    <label>Vorname:<\/label>\r\n    <input placeholder=\"Optional\" name=\"FNAME\" type=\"text\"\/>\r\n<\/p><p>\r\n    <label>Familienname:<\/label>\r\n    <input placeholder=\"Optional\" name=\"LNAME\" type=\"text\"\/>\r\n<\/p><p>\r\n\t<label for=\"mc4wp_email\">Email Adresse: <\/label>\r\n\t<input type=\"email\" id=\"mc4wp_email\" name=\"EMAIL\" placeholder=\"Erforderlich\" required \/>\r\n<\/p>\r\n\r\n<p>\r\n\t<input type=\"submit\" value=\"Anmelden\" \/>\r\n<\/p>\r\n<\/div><label style=\"display: none !important;\">Wenn du ein Mensch bist, lasse das Feld leer: <input type=\"text\" name=\"_mc4wp_honeypot\" value=\"\" tabindex=\"-1\" autocomplete=\"off\" \/><\/label><input type=\"hidden\" name=\"_mc4wp_timestamp\" value=\"1778834037\" \/><input type=\"hidden\" name=\"_mc4wp_form_id\" value=\"7525\" \/><input type=\"hidden\" name=\"_mc4wp_form_element_id\" value=\"mc4wp-form-1\" \/><div class=\"mc4wp-response\"><\/div><\/form><!-- \/ Mailchimp for WordPress Plugin --><\/div><\/div><\/div><div id=\"pg-8937-2\"  class=\"panel-grid panel-no-style\" ><div id=\"pgc-8937-2-0\"  class=\"panel-grid-cell\" ><div id=\"panel-8937-2-0-0\" class=\"so-panel widget widget_black-studio-tinymce widget_black_studio_tinymce panel-first-child panel-last-child\" data-index=\"4\" ><div class=\"textwidget\"><p><img fetchpriority=\"high\" decoding=\"async\" class=\"aligncenter size-full wp-image-8944\" src=\"https:\/\/www.nlo.at\/stage\/wp-content\/uploads\/2020\/08\/20190927_Kiroka_28_HM_web.jpg\" alt=\"Kleinb\u00e4uerinnen bei der Feldarbeit\" width=\"800\" height=\"344\" srcset=\"https:\/\/www.nlo.at\/stage\/wp-content\/uploads\/2020\/08\/20190927_Kiroka_28_HM_web.jpg 800w, https:\/\/www.nlo.at\/stage\/wp-content\/uploads\/2020\/08\/20190927_Kiroka_28_HM_web-300x129.jpg 300w, https:\/\/www.nlo.at\/stage\/wp-content\/uploads\/2020\/08\/20190927_Kiroka_28_HM_web-768x330.jpg 768w\" sizes=\"(max-width: 800px) 100vw, 800px\" \/><\/p>\n<p>&nbsp;<\/p>\n<\/div><\/div><\/div><\/div><\/div>","protected":false},"excerpt":{"rendered":"<p>Wir freuen uns immer auch \u00fcber ungewidmete\/allgemeine Spenden, da wir mit diesen die Verwaltungsausgaben der NLO in Vorarlberg decken k\u00f6nnen. Als ehrenamtlicher Verein sind die Ausgaben vergleichsweise niedrig, im Schnitt 1.000,- Euro pro Jahr.<\/p>\n","protected":false},"author":1,"featured_media":0,"parent":0,"menu_order":0,"comment_status":"closed","ping_status":"closed","template":"","meta":{"_monsterinsights_skip_tracking":false,"_monsterinsights_sitenote_active":false,"_monsterinsights_sitenote_note":"","_monsterinsights_sitenote_category":0,"footnotes":""},"class_list":["post-8937","page","type-page","status-publish","hentry"],"_links":{"self":[{"href":"https:\/\/www.nlo.at\/stage\/wp-json\/wp\/v2\/pages\/8937"}],"collection":[{"href":"https:\/\/www.nlo.at\/stage\/wp-json\/wp\/v2\/pages"}],"about":[{"href":"https:\/\/www.nlo.at\/stage\/wp-json\/wp\/v2\/types\/page"}],"author":[{"embeddable":true,"href":"https:\/\/www.nlo.at\/stage\/wp-json\/wp\/v2\/users\/1"}],"replies":[{"embeddable":true,"href":"https:\/\/www.nlo.at\/stage\/wp-json\/wp\/v2\/comments?post=8937"}],"version-history":[{"count":27,"href":"https:\/\/www.nlo.at\/stage\/wp-json\/wp\/v2\/pages\/8937\/revisions"}],"predecessor-version":[{"id":18146,"href":"https:\/\/www.nlo.at\/stage\/wp-json\/wp\/v2\/pages\/8937\/revisions\/18146"}],"wp:attachment":[{"href":"https:\/\/www.nlo.at\/stage\/wp-json\/wp\/v2\/media?parent=8937"}],"curies":[{"name":"wp","href":"https:\/\/api.w.org\/{rel}","templated":true}]}}